{"id":11905,"date":"2022-08-04T05:22:30","date_gmt":"2022-08-04T05:22:30","guid":{"rendered":"http:\/\/yonahe10.sg-host.com\/?page_id=11905"},"modified":"2022-09-09T05:46:14","modified_gmt":"2022-09-09T05:46:14","slug":"noticias-y-eventos","status":"publish","type":"page","link":"https:\/\/www.sbfoods.com\/es\/noticias-y-eventos\/","title":{"rendered":"Noticias y eventos"},"content":{"rendered":"\t\t<div data-elementor-type=\"wp-page\" data-elementor-id=\"11905\" class=\"elementor elementor-11905\">\n\t\t\t\t\t\t<section class=\"elementor-section elementor-top-section elementor-element elementor-element-68a5a35 elementor-section-height-min-height elementor-section-content-middle elementor-section-boxed elementor-section-height-default elementor-section-items-middle\" data-id=\"68a5a35\" data-element_type=\"section\" data-e-type=\"section\" data-settings=\"{&quot;background_background&quot;:&quot;classic&quot;}\">\n\t\t\t\t\t\t\t<div class=\"elementor-background-overlay\"><\/div>\n\t\t\t\t\t\t\t<div class=\"elementor-container elementor-column-gap-default\">\n\t\t\t\t\t<div class=\"elementor-column elementor-col-100 elementor-top-column elementor-element elementor-element-525a34b\" data-id=\"525a34b\" data-element_type=\"column\" data-e-type=\"column\">\n\t\t\t<div class=\"elementor-widget-wrap elementor-element-populated\">\n\t\t\t\t\t\t<div class=\"elementor-element elementor-element-673b1ab elementor-widget elementor-widget-heading\" data-id=\"673b1ab\" data-element_type=\"widget\" data-e-type=\"widget\" data-widget_type=\"heading.default\">\n\t\t\t\t<div class=\"elementor-widget-container\">\n\t\t\t\t\t<h1 class=\"elementor-heading-title elementor-size-default\">Noticias y eventos<\/h1>\t\t\t\t<\/div>\n\t\t\t\t<\/div>\n\t\t\t\t<div class=\"elementor-element elementor-element-2a13ba3 elementor-widget elementor-widget-spacer\" data-id=\"2a13ba3\" data-element_type=\"widget\" data-e-type=\"widget\" data-widget_type=\"spacer.default\">\n\t\t\t\t<div class=\"elementor-widget-container\">\n\t\t\t\t\t\t\t<div class=\"elementor-spacer\">\n\t\t\t<div class=\"elementor-spacer-inner\"><\/div>\n\t\t<\/div>\n\t\t\t\t\t\t<\/div>\n\t\t\t\t<\/div>\n\t\t\t\t\t<\/div>\n\t\t<\/div>\n\t\t\t\t\t<\/div>\n\t\t<\/section>\n\t\t\t\t<section class=\"elementor-section elementor-top-section elementor-element elementor-element-31baa60 elementor-section-boxed elementor-section-height-default elementor-section-height-default\" data-id=\"31baa60\" data-element_type=\"section\" data-e-type=\"section\" data-settings=\"{&quot;background_background&quot;:&quot;classic&quot;}\">\n\t\t\t\t\t\t<div class=\"elementor-container elementor-column-gap-default\">\n\t\t\t\t\t<div class=\"elementor-column elementor-col-100 elementor-top-column elementor-element elementor-element-a06d38b\" data-id=\"a06d38b\" data-element_type=\"column\" data-e-type=\"column\">\n\t\t\t<div class=\"elementor-widget-wrap elementor-element-populated\">\n\t\t\t\t\t\t<section class=\"elementor-section elementor-inner-section elementor-element elementor-element-0b6ee13 elementor-section-content-middle elementor-section-boxed elementor-section-height-default elementor-section-height-default\" data-id=\"0b6ee13\" data-element_type=\"section\" data-e-type=\"section\">\n\t\t\t\t\t\t<div class=\"elementor-container elementor-column-gap-wider\">\n\t\t\t\t\t<div class=\"elementor-column elementor-col-100 elementor-inner-column elementor-element elementor-element-5dd6f7e\" data-id=\"5dd6f7e\" data-element_type=\"column\" data-e-type=\"column\">\n\t\t\t<div class=\"elementor-widget-wrap elementor-element-populated\">\n\t\t\t\t\t\t<div class=\"elementor-element elementor-element-c5b84b2 elementor-widget elementor-widget-hub_fancy_heading\" data-id=\"c5b84b2\" data-element_type=\"widget\" data-e-type=\"widget\" data-widget_type=\"hub_fancy_heading.default\">\n\t\t\t\t<div class=\"elementor-widget-container\">\n\t\t\t\t\t\n\t\t<div id=\"ld-fancy-heading-69eb53139bfc1\" class=\"ld-fancy-heading pos-rel\">\n\t\t\t<h2 class=\"ld-fh-element d-inline-block pos-rel  elementor-heading-title lqd-highlight-classic lqd-highlight-grow-left h2\"  > \u00daltimas noticias<\/h2>\t\t<\/div>\n\n\t\t\t\t\t\t<\/div>\n\t\t\t\t<\/div>\n\t\t\t\t<div class=\"elementor-element elementor-element-9035144 elementor-widget elementor-widget-ld_blog\" data-id=\"9035144\" data-element_type=\"widget\" data-e-type=\"widget\" data-widget_type=\"ld_blog.default\">\n\t\t\t\t<div class=\"elementor-widget-container\">\n\t\t\t\t\t<div class=\"lqd-lp-grid 9035144 blog-id-151212356 \"><div class=\"lqd-lp-row row pos-rel d-flex flex-wrap\" ><div class=\"lqd-lp-column d-flex flex-column col-md-4 col-sm-6 sustentabilidad\"><article id=\"post-12412\" class=\"lqd-lp pos-rel lqd-lp-style-6 lqd-lp-hover-img-zoom lqd-lp-animate-onhover border-radius-4 overflow-hidden text-start post-12412 post type-post status-publish format-standard has-post-thumbnail hentry category-sustentabilidad\">\n<div class=\"lqd-lp-img overflow-hidden\">\n\n\t<figure><img fetchpriority=\"high\" decoding=\"async\" width=\"720\" height=\"510\" src=\"https:\/\/www.sbfoods.com\/wp-content\/uploads\/2021\/06\/Plant-A-Tree-Day-720x510.jpg\" class=\"w-100 wp-post-image\" alt=\"\" itemprop=\"image\" \/><\/figure>\n\t<div class=\"lqd-lp-meta text-uppercase font-weight-bold pos-rel z-index-3\">\n\t\t\t<\/div>\n\n<\/div>\n\n<header class=\"lqd-lp-header p-5\">\n\n\t<div class=\"lqd-lp-meta lqd-lp-meta-dot-between d-flex flex-wrap align-items-center text-uppercase ltr-sp-1 font-weight-bold\">\n\n\t\t<div class=\"lqd-lp-author pos-rel z-index-3\">\n\t\t\t<div class=\"lqd-lp-author-info\">\n\t\t\t\t<h3 class=\"mt-0 mb-0 h5\"><a href=\"https:\/\/www.sbfoods.com\/es\/author\/sbfoods\/\">SBFoods<\/a><\/h3>\n\t\t\t<\/div>\n\t\t<\/div>\n\n\t\t<time class=\"lqd-lp-date\" datetime=\"2021-06-28T15:25:46+00:00\">5 a\u00f1os ago<\/time>\n\t<\/div>\n\n\t<h2 class=\"entry-title lqd-lp-title mt-3 mb-0 h5\"><a  href=\"https:\/\/www.sbfoods.com\/es\/dia-de-la-plantacion-de-arboles\/\" rel=\"bookmark\">D\u00eda de la plantaci\u00f3n de \u00e1rboles<\/a><\/h2>\n<\/header>\n\n<a  href=\"https:\/\/www.sbfoods.com\/es\/dia-de-la-plantacion-de-arboles\/\" class=\"lqd-lp-overlay-link lqd-overlay z-index-2\"><\/a><\/article><\/div><div class=\"lqd-lp-column d-flex flex-column col-md-4 col-sm-6 comunidad sin-categorizar\"><article id=\"post-12415\" class=\"lqd-lp pos-rel lqd-lp-style-6 lqd-lp-hover-img-zoom lqd-lp-animate-onhover border-radius-4 overflow-hidden text-start post-12415 post type-post status-publish format-standard has-post-thumbnail hentry category-comunidad category-sin-categorizar\">\n<div class=\"lqd-lp-img overflow-hidden\">\n\n\t<figure><img decoding=\"async\" width=\"720\" height=\"510\" src=\"data:image\/svg+xml,%3Csvg xmlns=&#039;http:\/\/www.w3.org\/2000\/svg&#039; viewBox=&#039;0 0 720 510&#039;%3E%3C\/svg%3E\" class=\"w-100 ld-lazyload wp-post-image\" alt=\"\" itemprop=\"image\" data-src=\"https:\/\/www.sbfoods.com\/wp-content\/uploads\/2021\/06\/Hockey-Helps-The-Home-Less_Logo-720x510.jpg\" data-aspect=\"1.4117647058824\" \/><\/figure>\n\t<div class=\"lqd-lp-meta text-uppercase font-weight-bold pos-rel z-index-3\">\n\t\t\t<\/div>\n\n<\/div>\n\n<header class=\"lqd-lp-header p-5\">\n\n\t<div class=\"lqd-lp-meta lqd-lp-meta-dot-between d-flex flex-wrap align-items-center text-uppercase ltr-sp-1 font-weight-bold\">\n\n\t\t<div class=\"lqd-lp-author pos-rel z-index-3\">\n\t\t\t<div class=\"lqd-lp-author-info\">\n\t\t\t\t<h3 class=\"mt-0 mb-0 h5\"><a href=\"https:\/\/www.sbfoods.com\/es\/author\/sbfoods\/\">SBFoods<\/a><\/h3>\n\t\t\t<\/div>\n\t\t<\/div>\n\n\t\t<time class=\"lqd-lp-date\" datetime=\"2021-06-28T05:31:26+00:00\">5 a\u00f1os ago<\/time>\n\t<\/div>\n\n\t<h2 class=\"entry-title lqd-lp-title mt-3 mb-0 h5\"><a  href=\"https:\/\/www.sbfoods.com\/es\/hockey-para-los-desamparados\/\" rel=\"bookmark\">Hockey para los desamparados<\/a><\/h2>\n<\/header>\n\n<a  href=\"https:\/\/www.sbfoods.com\/es\/hockey-para-los-desamparados\/\" class=\"lqd-lp-overlay-link lqd-overlay z-index-2\"><\/a><\/article><\/div><div class=\"lqd-lp-column d-flex flex-column col-md-4 col-sm-6 community sin-categorizar\"><article id=\"post-12413\" class=\"lqd-lp pos-rel lqd-lp-style-6 lqd-lp-hover-img-zoom lqd-lp-animate-onhover border-radius-4 overflow-hidden text-start post-12413 post type-post status-publish format-standard has-post-thumbnail hentry category-community category-sin-categorizar\">\n<div class=\"lqd-lp-img overflow-hidden\">\n\n\t<figure><img decoding=\"async\" width=\"720\" height=\"510\" src=\"data:image\/svg+xml,%3Csvg xmlns=&#039;http:\/\/www.w3.org\/2000\/svg&#039; viewBox=&#039;0 0 720 510&#039;%3E%3C\/svg%3E\" class=\"w-100 ld-lazyload wp-post-image\" alt=\"\" itemprop=\"image\" data-src=\"https:\/\/www.sbfoods.com\/wp-content\/uploads\/2021\/05\/Skjodt-Barrett-Employees-Volunteering-at-Food-Bank-720x510.jpg\" data-aspect=\"1.4117647058824\" \/><\/figure>\n\t<div class=\"lqd-lp-meta text-uppercase font-weight-bold pos-rel z-index-3\">\n\t\t\t<\/div>\n\n<\/div>\n\n<header class=\"lqd-lp-header p-5\">\n\n\t<div class=\"lqd-lp-meta lqd-lp-meta-dot-between d-flex flex-wrap align-items-center text-uppercase ltr-sp-1 font-weight-bold\">\n\n\t\t<div class=\"lqd-lp-author pos-rel z-index-3\">\n\t\t\t<div class=\"lqd-lp-author-info\">\n\t\t\t\t<h3 class=\"mt-0 mb-0 h5\"><a href=\"https:\/\/www.sbfoods.com\/es\/author\/sbfoods\/\">SBFoods<\/a><\/h3>\n\t\t\t<\/div>\n\t\t<\/div>\n\n\t\t<time class=\"lqd-lp-date\" datetime=\"2021-05-05T15:48:18+00:00\">5 a\u00f1os ago<\/time>\n\t<\/div>\n\n\t<h2 class=\"entry-title lqd-lp-title mt-3 mb-0 h5\"><a  href=\"https:\/\/www.sbfoods.com\/es\/apoyo-a-los-bancos-locales-de-alimentos\/\" rel=\"bookmark\">Apoyo a los bancos locales de alimentos<\/a><\/h2>\n<\/header>\n\n<a  href=\"https:\/\/www.sbfoods.com\/es\/apoyo-a-los-bancos-locales-de-alimentos\/\" class=\"lqd-lp-overlay-link lqd-overlay z-index-2\"><\/a><\/article><\/div><div class=\"lqd-lp-column d-flex flex-column col-md-4 col-sm-6 sin-categorizar\"><article id=\"post-12416\" class=\"lqd-lp pos-rel lqd-lp-style-6 lqd-lp-hover-img-zoom lqd-lp-animate-onhover border-radius-4 overflow-hidden text-start post-12416 post type-post status-publish format-standard has-post-thumbnail hentry category-sin-categorizar\">\n<div class=\"lqd-lp-img overflow-hidden\">\n\n\t<figure><img loading=\"lazy\" decoding=\"async\" width=\"720\" height=\"510\" src=\"data:image\/svg+xml,%3Csvg xmlns=&#039;http:\/\/www.w3.org\/2000\/svg&#039; viewBox=&#039;0 0 720 510&#039;%3E%3C\/svg%3E\" class=\"w-100 ld-lazyload wp-post-image\" alt=\"\" itemprop=\"image\" data-src=\"https:\/\/www.sbfoods.com\/wp-content\/uploads\/2021\/03\/I-19-1024x675-1-720x510.png\" data-aspect=\"1.4117647058824\" \/><\/figure>\n\t<div class=\"lqd-lp-meta text-uppercase font-weight-bold pos-rel z-index-3\">\n\t\t\t<\/div>\n\n<\/div>\n\n<header class=\"lqd-lp-header p-5\">\n\n\t<div class=\"lqd-lp-meta lqd-lp-meta-dot-between d-flex flex-wrap align-items-center text-uppercase ltr-sp-1 font-weight-bold\">\n\n\t\t<div class=\"lqd-lp-author pos-rel z-index-3\">\n\t\t\t<div class=\"lqd-lp-author-info\">\n\t\t\t\t<h3 class=\"mt-0 mb-0 h5\"><a href=\"https:\/\/www.sbfoods.com\/es\/author\/sbfoods\/\">SBFoods<\/a><\/h3>\n\t\t\t<\/div>\n\t\t<\/div>\n\n\t\t<time class=\"lqd-lp-date\" datetime=\"2021-03-18T14:31:35+00:00\">5 a\u00f1os ago<\/time>\n\t<\/div>\n\n\t<h2 class=\"entry-title lqd-lp-title mt-3 mb-0 h5\"><a  href=\"https:\/\/www.sbfoods.com\/es\/ayuda-humanitaria-para-las-victimas-del-huracan-maria\/\" rel=\"bookmark\">Ayuda humanitaria para las v\u00edctimas del hurac\u00e1n Mar\u00eda<\/a><\/h2>\n<\/header>\n\n<a  href=\"https:\/\/www.sbfoods.com\/es\/ayuda-humanitaria-para-las-victimas-del-huracan-maria\/\" class=\"lqd-lp-overlay-link lqd-overlay z-index-2\"><\/a><\/article><\/div><div class=\"lqd-lp-column d-flex flex-column col-md-4 col-sm-6 comunidad sin-categorizar\"><article id=\"post-12414\" class=\"lqd-lp pos-rel lqd-lp-style-6 lqd-lp-hover-img-zoom lqd-lp-animate-onhover border-radius-4 overflow-hidden text-start post-12414 post type-post status-publish format-standard has-post-thumbnail hentry category-comunidad category-sin-categorizar\">\n<div class=\"lqd-lp-img overflow-hidden\">\n\n\t<figure><img loading=\"lazy\" decoding=\"async\" width=\"720\" height=\"510\" src=\"data:image\/svg+xml,%3Csvg xmlns=&#039;http:\/\/www.w3.org\/2000\/svg&#039; viewBox=&#039;0 0 720 510&#039;%3E%3C\/svg%3E\" class=\"w-100 ld-lazyload wp-post-image\" alt=\"Habitat for Humanity\" itemprop=\"image\" data-src=\"https:\/\/www.sbfoods.com\/wp-content\/uploads\/2021\/03\/Skjodt-Barrett-Employees-Volunteer-for-Habitat-For-Humanity-2048x1357-1-720x510.jpg\" data-aspect=\"1.4117647058824\" \/><\/figure>\n\t<div class=\"lqd-lp-meta text-uppercase font-weight-bold pos-rel z-index-3\">\n\t\t\t<\/div>\n\n<\/div>\n\n<header class=\"lqd-lp-header p-5\">\n\n\t<div class=\"lqd-lp-meta lqd-lp-meta-dot-between d-flex flex-wrap align-items-center text-uppercase ltr-sp-1 font-weight-bold\">\n\n\t\t<div class=\"lqd-lp-author pos-rel z-index-3\">\n\t\t\t<div class=\"lqd-lp-author-info\">\n\t\t\t\t<h3 class=\"mt-0 mb-0 h5\"><a href=\"https:\/\/www.sbfoods.com\/es\/author\/sbfoods\/\">SBFoods<\/a><\/h3>\n\t\t\t<\/div>\n\t\t<\/div>\n\n\t\t<time class=\"lqd-lp-date\" datetime=\"2021-03-18T14:31:25+00:00\">5 a\u00f1os ago<\/time>\n\t<\/div>\n\n\t<h2 class=\"entry-title lqd-lp-title mt-3 mb-0 h5\"><a  href=\"https:\/\/www.sbfoods.com\/es\/habitat-for-humanity-habitat-para-la-humanidad\/\" rel=\"bookmark\">Habitat For Humanity [H\u00e1bitat para la humanidad]<\/a><\/h2>\n<\/header>\n\n<a  href=\"https:\/\/www.sbfoods.com\/es\/habitat-for-humanity-habitat-para-la-humanidad\/\" class=\"lqd-lp-overlay-link lqd-overlay z-index-2\"><\/a><\/article><\/div><\/div><!--\/ .row --><\/div><!--\/ .lqd-lp-grid -->\t\t\t\t<\/div>\n\t\t\t\t<\/div>\n\t\t\t\t\t<\/div>\n\t\t<\/div>\n\t\t\t\t\t<\/div>\n\t\t<\/section>\n\t\t\t\t\t<\/div>\n\t\t<\/div>\n\t\t\t\t\t<\/div>\n\t\t<\/section>\n\t\t\t\t<section class=\"elementor-section elementor-top-section elementor-element elementor-element-e0171b4 elementor-section-content-middle elementor-section-boxed elementor-section-height-default elementor-section-height-default\" data-id=\"e0171b4\" data-element_type=\"section\" data-e-type=\"section\">\n\t\t\t\t\t\t<div class=\"elementor-container elementor-column-gap-default\">\n\t\t\t\t\t<div class=\"elementor-column elementor-col-100 elementor-top-column elementor-element elementor-element-b0e9a97\" data-id=\"b0e9a97\" data-element_type=\"column\" data-e-type=\"column\">\n\t\t\t<div class=\"elementor-widget-wrap elementor-element-populated\">\n\t\t\t\t\t\t<div class=\"elementor-element elementor-element-c205c05 elementor-widget elementor-widget-hub_fancy_heading\" data-id=\"c205c05\" data-element_type=\"widget\" data-e-type=\"widget\" data-widget_type=\"hub_fancy_heading.default\">\n\t\t\t\t<div class=\"elementor-widget-container\">\n\t\t\t\t\t\n\t\t<div id=\"ld-fancy-heading-69eb5313b9ab5\" class=\"ld-fancy-heading pos-rel\">\n\t\t\t<h2 class=\"ld-fh-element d-inline-block pos-rel  elementor-heading-title lqd-highlight-classic lqd-highlight-grow-left h2\"  > Eventos de la industria<\/h2>\t\t<\/div>\n\n\t\t\t\t\t\t<\/div>\n\t\t\t\t<\/div>\n\t\t\t\t<section class=\"elementor-section elementor-inner-section elementor-element elementor-element-245625f elementor-section-boxed elementor-section-height-default elementor-section-height-default\" data-id=\"245625f\" data-element_type=\"section\" data-e-type=\"section\">\n\t\t\t\t\t\t<div class=\"elementor-container elementor-column-gap-default\">\n\t\t\t\t\t<div class=\"elementor-column elementor-col-25 elementor-inner-column elementor-element elementor-element-e43f556\" data-id=\"e43f556\" data-element_type=\"column\" data-e-type=\"column\">\n\t\t\t<div class=\"elementor-widget-wrap elementor-element-populated\">\n\t\t\t\t\t\t<div class=\"elementor-element elementor-element-26bdd8b elementor-widget elementor-widget-image\" data-id=\"26bdd8b\" data-element_type=\"widget\" data-e-type=\"widget\" data-widget_type=\"image.default\">\n\t\t\t\t<div class=\"elementor-widget-container\">\n\t\t\t\t\t\t\t\t\t\t\t\t\t\t\t<img loading=\"lazy\" decoding=\"async\" width=\"150\" height=\"75\" src=\"https:\/\/www.sbfoods.com\/wp-content\/uploads\/2022\/08\/supplyicon.png\" class=\"attachment-large size-large wp-image-10879\" alt=\"\" \/>\t\t\t\t\t\t\t\t\t\t\t\t\t\t\t<\/div>\n\t\t\t\t<\/div>\n\t\t\t\t\t<\/div>\n\t\t<\/div>\n\t\t\t\t<div class=\"elementor-column elementor-col-25 elementor-inner-column elementor-element elementor-element-acea50d\" data-id=\"acea50d\" data-element_type=\"column\" data-e-type=\"column\">\n\t\t\t<div class=\"elementor-widget-wrap elementor-element-populated\">\n\t\t\t\t\t\t<div class=\"elementor-element elementor-element-df4042a elementor-widget elementor-widget-image\" data-id=\"df4042a\" data-element_type=\"widget\" data-e-type=\"widget\" data-widget_type=\"image.default\">\n\t\t\t\t<div class=\"elementor-widget-container\">\n\t\t\t\t\t\t\t\t\t\t\t\t\t\t\t<img loading=\"lazy\" decoding=\"async\" width=\"123\" height=\"82\" src=\"data:image\/svg+xml,%3Csvg xmlns=&#039;http:\/\/www.w3.org\/2000\/svg&#039; viewBox=&#039;0 0 123 82&#039;%3E%3C\/svg%3E\" class=\"attachment-large size-large wp-image-10880 ld-lazyload\" alt=\"\" data-src=\"https:\/\/www.sbfoods.com\/wp-content\/uploads\/2022\/08\/natural-expo.png\" data-aspect=\"1.5\" \/>\t\t\t\t\t\t\t\t\t\t\t\t\t\t\t<\/div>\n\t\t\t\t<\/div>\n\t\t\t\t\t<\/div>\n\t\t<\/div>\n\t\t\t\t<div class=\"elementor-column elementor-col-25 elementor-inner-column elementor-element elementor-element-c6e78b8\" data-id=\"c6e78b8\" data-element_type=\"column\" data-e-type=\"column\">\n\t\t\t<div class=\"elementor-widget-wrap elementor-element-populated\">\n\t\t\t\t\t\t<div class=\"elementor-element elementor-element-0b71ba1 elementor-widget elementor-widget-image\" data-id=\"0b71ba1\" data-element_type=\"widget\" data-e-type=\"widget\" data-widget_type=\"image.default\">\n\t\t\t\t<div class=\"elementor-widget-container\">\n\t\t\t\t\t\t\t\t\t\t\t\t\t\t\t<img loading=\"lazy\" decoding=\"async\" width=\"125\" height=\"85\" src=\"data:image\/svg+xml,%3Csvg xmlns=&#039;http:\/\/www.w3.org\/2000\/svg&#039; viewBox=&#039;0 0 125 85&#039;%3E%3C\/svg%3E\" class=\"attachment-large size-large wp-image-10881 ld-lazyload\" alt=\"\" data-src=\"https:\/\/www.sbfoods.com\/wp-content\/uploads\/2022\/08\/natural-products.png\" data-aspect=\"1.4705882352941\" \/>\t\t\t\t\t\t\t\t\t\t\t\t\t\t\t<\/div>\n\t\t\t\t<\/div>\n\t\t\t\t\t<\/div>\n\t\t<\/div>\n\t\t\t\t<div class=\"elementor-column elementor-col-25 elementor-inner-column elementor-element elementor-element-65a24ff\" data-id=\"65a24ff\" data-element_type=\"column\" data-e-type=\"column\">\n\t\t\t<div class=\"elementor-widget-wrap elementor-element-populated\">\n\t\t\t\t\t\t<div class=\"elementor-element elementor-element-4ce3ade elementor-widget elementor-widget-image\" data-id=\"4ce3ade\" data-element_type=\"widget\" data-e-type=\"widget\" data-widget_type=\"image.default\">\n\t\t\t\t<div class=\"elementor-widget-container\">\n\t\t\t\t\t\t\t\t\t\t\t\t\t\t\t<img loading=\"lazy\" decoding=\"async\" width=\"107\" height=\"87\" src=\"data:image\/svg+xml,%3Csvg xmlns=&#039;http:\/\/www.w3.org\/2000\/svg&#039; viewBox=&#039;0 0 107 87&#039;%3E%3C\/svg%3E\" class=\"attachment-large size-large wp-image-10882 ld-lazyload\" alt=\"\" data-src=\"https:\/\/www.sbfoods.com\/wp-content\/uploads\/2022\/08\/ift.png\" data-aspect=\"1.2298850574713\" \/>\t\t\t\t\t\t\t\t\t\t\t\t\t\t\t<\/div>\n\t\t\t\t<\/div>\n\t\t\t\t\t<\/div>\n\t\t<\/div>\n\t\t\t\t\t<\/div>\n\t\t<\/section>\n\t\t\t\t<section class=\"elementor-section elementor-inner-section elementor-element elementor-element-26caaf3 elementor-section-content-middle elementor-section-boxed elementor-section-height-default elementor-section-height-default\" data-id=\"26caaf3\" data-element_type=\"section\" data-e-type=\"section\">\n\t\t\t\t\t\t<div class=\"elementor-container elementor-column-gap-default\">\n\t\t\t\t\t<div class=\"elementor-column elementor-col-50 elementor-inner-column elementor-element elementor-element-e860121\" data-id=\"e860121\" data-element_type=\"column\" data-e-type=\"column\">\n\t\t\t<div class=\"elementor-widget-wrap elementor-element-populated\">\n\t\t\t\t\t\t<div class=\"elementor-element elementor-element-40f7bb6 elementor-widget elementor-widget-image\" data-id=\"40f7bb6\" data-element_type=\"widget\" data-e-type=\"widget\" data-widget_type=\"image.default\">\n\t\t\t\t<div class=\"elementor-widget-container\">\n\t\t\t\t\t\t\t\t\t\t\t\t\t\t\t<img loading=\"lazy\" decoding=\"async\" width=\"159\" height=\"86\" src=\"data:image\/svg+xml,%3Csvg xmlns=&#039;http:\/\/www.w3.org\/2000\/svg&#039; viewBox=&#039;0 0 159 86&#039;%3E%3C\/svg%3E\" class=\"attachment-large size-large wp-image-10883 ld-lazyload\" alt=\"\" data-src=\"https:\/\/www.sbfoods.com\/wp-content\/uploads\/2022\/08\/private.png\" data-aspect=\"1.8488372093023\" \/>\t\t\t\t\t\t\t\t\t\t\t\t\t\t\t<\/div>\n\t\t\t\t<\/div>\n\t\t\t\t\t<\/div>\n\t\t<\/div>\n\t\t\t\t<div class=\"elementor-column elementor-col-50 elementor-inner-column elementor-element elementor-element-c19a181\" data-id=\"c19a181\" data-element_type=\"column\" data-e-type=\"column\">\n\t\t\t<div class=\"elementor-widget-wrap elementor-element-populated\">\n\t\t\t\t\t\t<div class=\"elementor-element elementor-element-b306854 elementor-widget elementor-widget-image\" data-id=\"b306854\" data-element_type=\"widget\" data-e-type=\"widget\" data-widget_type=\"image.default\">\n\t\t\t\t<div class=\"elementor-widget-container\">\n\t\t\t\t\t\t\t\t\t\t\t\t\t\t\t<img loading=\"lazy\" decoding=\"async\" width=\"338\" height=\"68\" src=\"data:image\/svg+xml,%3Csvg xmlns=&#039;http:\/\/www.w3.org\/2000\/svg&#039; viewBox=&#039;0 0 338 68&#039;%3E%3C\/svg%3E\" class=\"attachment-large size-large wp-image-10884 ld-lazyload\" alt=\"\" data-src=\"https:\/\/www.sbfoods.com\/wp-content\/uploads\/2022\/08\/ift2.png\" data-srcset=\"https:\/\/www.sbfoods.com\/wp-content\/uploads\/2022\/08\/ift2.png 338w, https:\/\/www.sbfoods.com\/wp-content\/uploads\/2022\/08\/ift2-300x60.png 300w\" data-sizes=\"(max-width: 338px) 100vw, 338px\" data-aspect=\"4.9705882352941\" \/>\t\t\t\t\t\t\t\t\t\t\t\t\t\t\t<\/div>\n\t\t\t\t<\/div>\n\t\t\t\t\t<\/div>\n\t\t<\/div>\n\t\t\t\t\t<\/div>\n\t\t<\/section>\n\t\t\t\t\t<\/div>\n\t\t<\/div>\n\t\t\t\t\t<\/div>\n\t\t<\/section>\n\t\t\t\t<\/div>\n\t\t","protected":false},"excerpt":{"rendered":"<p>Noticias y eventos \u00daltimas noticias Eventos de la industria<\/p>\n","protected":false},"author":3,"featured_media":11612,"parent":0,"menu_order":0,"comment_status":"closed","ping_status":"closed","template":"","meta":{"om_disable_all_campaigns":false,"_monsterinsights_skip_tracking":false,"_monsterinsights_sitenote_active":false,"_monsterinsights_sitenote_note":"","_monsterinsights_sitenote_category":0,"footnotes":""},"class_list":["post-11905","page","type-page","status-publish","has-post-thumbnail","hentry"],"aioseo_notices":[],"_links":{"self":[{"href":"https:\/\/www.sbfoods.com\/es\/wp-json\/wp\/v2\/pages\/11905","targetHints":{"allow":["GET"]}}],"collection":[{"href":"https:\/\/www.sbfoods.com\/es\/wp-json\/wp\/v2\/pages"}],"about":[{"href":"https:\/\/www.sbfoods.com\/es\/wp-json\/wp\/v2\/types\/page"}],"author":[{"embeddable":true,"href":"https:\/\/www.sbfoods.com\/es\/wp-json\/wp\/v2\/users\/3"}],"replies":[{"embeddable":true,"href":"https:\/\/www.sbfoods.com\/es\/wp-json\/wp\/v2\/comments?post=11905"}],"version-history":[{"count":7,"href":"https:\/\/www.sbfoods.com\/es\/wp-json\/wp\/v2\/pages\/11905\/revisions"}],"predecessor-version":[{"id":12216,"href":"https:\/\/www.sbfoods.com\/es\/wp-json\/wp\/v2\/pages\/11905\/revisions\/12216"}],"wp:featuredmedia":[{"embeddable":true,"href":"https:\/\/www.sbfoods.com\/es\/wp-json\/wp\/v2\/media\/11612"}],"wp:attachment":[{"href":"https:\/\/www.sbfoods.com\/es\/wp-json\/wp\/v2\/media?parent=11905"}],"curies":[{"name":"wp","href":"https:\/\/api.w.org\/{rel}","templated":true}]}}