{"id":11915,"date":"2022-08-04T06:44:38","date_gmt":"2022-08-04T06:44:38","guid":{"rendered":"http:\/\/yonahe10.sg-host.com\/?page_id=11915"},"modified":"2024-08-16T00:58:13","modified_gmt":"2024-08-16T00:58:13","slug":"unase-a-nosotros","status":"publish","type":"page","link":"https:\/\/www.sbfoods.com\/es\/unase-a-nosotros\/","title":{"rendered":"\u00danase a nosotros"},"content":{"rendered":"\t\t<div data-elementor-type=\"wp-page\" data-elementor-id=\"11915\" class=\"elementor elementor-11915\">\n\t\t\t\t\t\t<section class=\"elementor-section elementor-top-section elementor-element elementor-element-d1a7b0c elementor-section-height-min-height elementor-section-content-middle elementor-section-boxed elementor-section-height-default elementor-section-items-middle\" data-id=\"d1a7b0c\" data-element_type=\"section\" data-e-type=\"section\" data-settings=\"{&quot;background_background&quot;:&quot;classic&quot;}\">\n\t\t\t\t\t\t\t<div class=\"elementor-background-overlay\"><\/div>\n\t\t\t\t\t\t\t<div class=\"elementor-container elementor-column-gap-default\">\n\t\t\t\t\t<div class=\"elementor-column elementor-col-100 elementor-top-column elementor-element elementor-element-67176dd\" data-id=\"67176dd\" data-element_type=\"column\" data-e-type=\"column\">\n\t\t\t<div class=\"elementor-widget-wrap elementor-element-populated\">\n\t\t\t\t\t\t<div class=\"elementor-element elementor-element-5304d1c elementor-widget elementor-widget-heading\" data-id=\"5304d1c\" data-element_type=\"widget\" data-e-type=\"widget\" data-widget_type=\"heading.default\">\n\t\t\t\t<div class=\"elementor-widget-container\">\n\t\t\t\t\t<h1 class=\"elementor-heading-title elementor-size-default\">\u00danase a nosotros<\/h1>\t\t\t\t<\/div>\n\t\t\t\t<\/div>\n\t\t\t\t<div class=\"elementor-element elementor-element-a236f32 elementor-widget elementor-widget-spacer\" data-id=\"a236f32\" data-element_type=\"widget\" data-e-type=\"widget\" data-widget_type=\"spacer.default\">\n\t\t\t\t<div class=\"elementor-widget-container\">\n\t\t\t\t\t\t\t<div class=\"elementor-spacer\">\n\t\t\t<div class=\"elementor-spacer-inner\"><\/div>\n\t\t<\/div>\n\t\t\t\t\t\t<\/div>\n\t\t\t\t<\/div>\n\t\t\t\t\t<\/div>\n\t\t<\/div>\n\t\t\t\t\t<\/div>\n\t\t<\/section>\n\t\t\t\t<section class=\"elementor-section elementor-top-section elementor-element elementor-element-e57710c elementor-section-boxed elementor-section-height-default elementor-section-height-default\" data-id=\"e57710c\" data-element_type=\"section\" data-e-type=\"section\">\n\t\t\t\t\t\t<div class=\"elementor-container elementor-column-gap-default\">\n\t\t\t\t\t<div class=\"elementor-column elementor-col-100 elementor-top-column elementor-element elementor-element-fc4a938\" data-id=\"fc4a938\" data-element_type=\"column\" data-e-type=\"column\">\n\t\t\t<div class=\"elementor-widget-wrap elementor-element-populated\">\n\t\t\t\t\t\t<div class=\"elementor-element elementor-element-ebb48b6 elementor-widget elementor-widget-hub_fancy_heading\" data-id=\"ebb48b6\" data-element_type=\"widget\" data-e-type=\"widget\" data-widget_type=\"hub_fancy_heading.default\">\n\t\t\t\t<div class=\"elementor-widget-container\">\n\t\t\t\t\t\n\t\t<div id=\"ld-fancy-heading-69edce69d9940\" class=\"ld-fancy-heading pos-rel\">\n\t\t\t<h2 class=\"ld-fh-element d-inline-block pos-rel  elementor-heading-title lqd-highlight-classic lqd-highlight-grow-left h2\"  > \u00danase al futuro de la industria alimenticia.<br>\nExplore las carreras en Skjodt-Barrett.<\/h2>\t\t<\/div>\n\n\t\t\t\t\t\t<\/div>\n\t\t\t\t<\/div>\n\t\t\t\t<div class=\"elementor-element elementor-element-886a86a elementor-widget elementor-widget-text-editor\" data-id=\"886a86a\" data-element_type=\"widget\" data-e-type=\"widget\" data-widget_type=\"text-editor.default\">\n\t\t\t\t<div class=\"elementor-widget-container\">\n\t\t\t\t\t\t\t\t\t<p>Skjodt\u2013Barrett Foods es l\u00edder creciente en la industria alimenticia de Am\u00e9rica del Norte, especializ\u00e1ndose en la fabricaci\u00f3n bajo contrato y las soluciones alimenticias creadas a la medida, para las marcas de consumidores l\u00edderes a escala mundial, marcas privadas y compa\u00f1\u00edas de servicio alimenticio. Proveemos apoyo a varias de las marcas que los consumidores buscan cada d\u00eda. Somos un negocio en r\u00e1pido crecimiento, con clientes internacionales y un enfoque incansable en servir a clientes, empleados y comunidades en las que vivimos y trabajamos. Necesitamos gente inteligente y vers\u00e1til, que pueda compartir sus destrezas y energ\u00eda con nuestro equipo mientras continuamos nuestro camino de \u00e9xito.<\/p>\t\t\t\t\t\t\t\t<\/div>\n\t\t\t\t<\/div>\n\t\t\t\t<div class=\"elementor-element elementor-element-9f7e8bc elementor-widget elementor-widget-hub_fancy_heading\" data-id=\"9f7e8bc\" data-element_type=\"widget\" data-e-type=\"widget\" data-widget_type=\"hub_fancy_heading.default\">\n\t\t\t\t<div class=\"elementor-widget-container\">\n\t\t\t\t\t\n\t\t<div id=\"ld-fancy-heading-69edce69dcf88\" class=\"ld-fancy-heading pos-rel\">\n\t\t\t<h2 class=\"ld-fh-element d-inline-block pos-rel  elementor-heading-title lqd-highlight-classic lqd-highlight-grow-left h2\"  > View Our Current Positions<\/h2>\t\t<\/div>\n\n\t\t\t\t\t\t<\/div>\n\t\t\t\t<\/div>\n\t\t\t\t<div class=\"elementor-element elementor-element-4e9a1f9 elementor-widget elementor-widget-html\" data-id=\"4e9a1f9\" data-element_type=\"widget\" data-e-type=\"widget\" data-widget_type=\"html.default\">\n\t\t\t\t<div class=\"elementor-widget-container\">\n\t\t\t\t\t<iframe name=\"resumator-job-frame\" id=\"resumator-job-frame\" class=\"resumator-advanced-widget\" src=\"\/\/skjodtbarrettfoods.applytojob.com\/apply\/jobs\/\" width=\"100%\" scrolling=\"no\" frameborder=\"0\" allowTransparency=\"true\"><\/iframe><script>function resizeResumatorIframe(height,nojump){if(nojump== 0){window.scrollTo(0,0);}document.getElementById(\"resumator-job-frame\").height = parseInt(height)+20;}<\/script><a href=\"\/\/skjodtbarrettfoods.applytojob.com\/apply\/jobs\/\">View all jobs<\/a>\t\t\t\t<\/div>\n\t\t\t\t<\/div>\n\t\t\t\t\t<\/div>\n\t\t<\/div>\n\t\t\t\t\t<\/div>\n\t\t<\/section>\n\t\t\t\t<\/div>\n\t\t","protected":false},"excerpt":{"rendered":"<p>\u00danase a nosotros \u00danase al futuro de la industria alimenticia. Explore las carreras en Skjodt-Barrett. Skjodt\u2013Barrett Foods es l\u00edder creciente en la industria alimenticia de Am\u00e9rica del Norte, especializ\u00e1ndose en la fabricaci\u00f3n bajo contrato y las soluciones alimenticias creadas a la medida, para las marcas de consumidores l\u00edderes a escala mundial, marcas privadas y compa\u00f1\u00edas [&hellip;]<\/p>\n","protected":false},"author":3,"featured_media":11648,"parent":0,"menu_order":0,"comment_status":"closed","ping_status":"closed","template":"","meta":{"om_disable_all_campaigns":false,"_monsterinsights_skip_tracking":false,"_monsterinsights_sitenote_active":false,"_monsterinsights_sitenote_note":"","_monsterinsights_sitenote_category":0,"footnotes":""},"class_list":["post-11915","page","type-page","status-publish","has-post-thumbnail","hentry"],"aioseo_notices":[],"_links":{"self":[{"href":"https:\/\/www.sbfoods.com\/es\/wp-json\/wp\/v2\/pages\/11915","targetHints":{"allow":["GET"]}}],"collection":[{"href":"https:\/\/www.sbfoods.com\/es\/wp-json\/wp\/v2\/pages"}],"about":[{"href":"https:\/\/www.sbfoods.com\/es\/wp-json\/wp\/v2\/types\/page"}],"author":[{"embeddable":true,"href":"https:\/\/www.sbfoods.com\/es\/wp-json\/wp\/v2\/users\/3"}],"replies":[{"embeddable":true,"href":"https:\/\/www.sbfoods.com\/es\/wp-json\/wp\/v2\/comments?post=11915"}],"version-history":[{"count":10,"href":"https:\/\/www.sbfoods.com\/es\/wp-json\/wp\/v2\/pages\/11915\/revisions"}],"predecessor-version":[{"id":24668,"href":"https:\/\/www.sbfoods.com\/es\/wp-json\/wp\/v2\/pages\/11915\/revisions\/24668"}],"wp:featuredmedia":[{"embeddable":true,"href":"https:\/\/www.sbfoods.com\/es\/wp-json\/wp\/v2\/media\/11648"}],"wp:attachment":[{"href":"https:\/\/www.sbfoods.com\/es\/wp-json\/wp\/v2\/media?parent=11915"}],"curies":[{"name":"wp","href":"https:\/\/api.w.org\/{rel}","templated":true}]}}