{"id":12136,"date":"2022-08-04T11:50:30","date_gmt":"2022-08-04T11:50:30","guid":{"rendered":"http:\/\/yonahe10.sg-host.com\/?page_id=12136"},"modified":"2022-09-09T05:42:20","modified_gmt":"2022-09-09T05:42:20","slug":"desde-alimentos-para-bebes-hasta-comidas-para-la-escuela","status":"publish","type":"page","link":"https:\/\/www.sbfoods.com\/es\/desde-alimentos-para-bebes-hasta-comidas-para-la-escuela\/","title":{"rendered":"Desde alimentos para beb\u00e9s hasta comidas para la escuela"},"content":{"rendered":"\t\t<div data-elementor-type=\"wp-page\" data-elementor-id=\"12136\" class=\"elementor elementor-12136\">\n\t\t\t\t\t\t<section class=\"elementor-section elementor-top-section elementor-element elementor-element-567351e elementor-section-height-min-height elementor-section-content-middle elementor-section-boxed elementor-section-height-default elementor-section-items-middle\" data-id=\"567351e\" data-element_type=\"section\" data-e-type=\"section\" data-settings=\"{&quot;background_background&quot;:&quot;classic&quot;}\">\n\t\t\t\t\t\t\t<div class=\"elementor-background-overlay\"><\/div>\n\t\t\t\t\t\t\t<div class=\"elementor-container elementor-column-gap-default\">\n\t\t\t\t\t<div class=\"elementor-column elementor-col-100 elementor-top-column elementor-element elementor-element-925d444\" data-id=\"925d444\" data-element_type=\"column\" data-e-type=\"column\">\n\t\t\t<div class=\"elementor-widget-wrap elementor-element-populated\">\n\t\t\t\t\t\t<div class=\"elementor-element elementor-element-f70f9c6 elementor-widget elementor-widget-heading\" data-id=\"f70f9c6\" data-element_type=\"widget\" data-e-type=\"widget\" data-widget_type=\"heading.default\">\n\t\t\t\t<div class=\"elementor-widget-container\">\n\t\t\t\t\t<h1 class=\"elementor-heading-title elementor-size-default\">Desde alimentos para beb\u00e9s hasta comidas para la escuela<\/h1>\t\t\t\t<\/div>\n\t\t\t\t<\/div>\n\t\t\t\t<div class=\"elementor-element elementor-element-ddca457 elementor-widget elementor-widget-spacer\" data-id=\"ddca457\" data-element_type=\"widget\" data-e-type=\"widget\" data-widget_type=\"spacer.default\">\n\t\t\t\t<div class=\"elementor-widget-container\">\n\t\t\t\t\t\t\t<div class=\"elementor-spacer\">\n\t\t\t<div class=\"elementor-spacer-inner\"><\/div>\n\t\t<\/div>\n\t\t\t\t\t\t<\/div>\n\t\t\t\t<\/div>\n\t\t\t\t\t<\/div>\n\t\t<\/div>\n\t\t\t\t\t<\/div>\n\t\t<\/section>\n\t\t\t\t<section class=\"elementor-section elementor-top-section elementor-element elementor-element-3888c55 elementor-section-boxed elementor-section-height-default elementor-section-height-default\" data-id=\"3888c55\" data-element_type=\"section\" data-e-type=\"section\">\n\t\t\t\t\t\t<div class=\"elementor-container elementor-column-gap-default\">\n\t\t\t\t\t<div class=\"elementor-column elementor-col-33 elementor-top-column elementor-element elementor-element-b910770\" data-id=\"b910770\" data-element_type=\"column\" data-e-type=\"column\">\n\t\t\t<div class=\"elementor-widget-wrap elementor-element-populated\">\n\t\t\t\t\t\t<div class=\"elementor-element elementor-element-bc639d6 elementor-widget elementor-widget-hub_fancy_heading\" data-id=\"bc639d6\" data-element_type=\"widget\" data-e-type=\"widget\" data-widget_type=\"hub_fancy_heading.default\">\n\t\t\t\t<div class=\"elementor-widget-container\">\n\t\t\t\t\t\n\t\t<div id=\"ld-fancy-heading-69eb58d69f724\" class=\"ld-fancy-heading pos-rel\">\n\t\t\t<h1 class=\"ld-fh-element d-inline-block pos-rel  elementor-heading-title lqd-highlight-classic lqd-highlight-grow-left h1\"  > Fiabilidad con la que los padres pueden contar<\/h1>\t\t<\/div>\n\n\t\t\t\t\t\t<\/div>\n\t\t\t\t<\/div>\n\t\t\t\t<div class=\"elementor-element elementor-element-a965e73 elementor-widget elementor-widget-text-editor\" data-id=\"a965e73\" data-element_type=\"widget\" data-e-type=\"widget\" data-widget_type=\"text-editor.default\">\n\t\t\t\t<div class=\"elementor-widget-container\">\n\t\t\t\t\t\t\t\t\tComo fabricante por contrato de alimentos para beb\u00e9s l\u00edder a nivel mundial, producimos una amplia gama de alimentos para beb\u00e9s y pur\u00e9s de refrigerios para loncheras de alta calidad con los mejores ingredientes de la naturaleza.\t\t\t\t\t\t\t\t<\/div>\n\t\t\t\t<\/div>\n\t\t\t\t<div class=\"elementor-element elementor-element-35be710 elementor-widget elementor-widget-hub_fancy_heading\" data-id=\"35be710\" data-element_type=\"widget\" data-e-type=\"widget\" data-widget_type=\"hub_fancy_heading.default\">\n\t\t\t\t<div class=\"elementor-widget-container\">\n\t\t\t\t\t\n\t\t<div id=\"ld-fancy-heading-69eb58d6a0e78\" class=\"ld-fancy-heading pos-rel\">\n\t\t\t<h2 class=\"ld-fh-element d-inline-block pos-rel  elementor-heading-title lqd-highlight-classic lqd-highlight-grow-left h2\"  > Fiabilidad con la que los padres pueden contar<\/h2>\t\t<\/div>\n\n\t\t\t\t\t\t<\/div>\n\t\t\t\t<\/div>\n\t\t\t\t<div class=\"elementor-element elementor-element-533a67a elementor-widget elementor-widget-text-editor\" data-id=\"533a67a\" data-element_type=\"widget\" data-e-type=\"widget\" data-widget_type=\"text-editor.default\">\n\t\t\t\t<div class=\"elementor-widget-container\">\n\t\t\t\t\t\t\t\t\t<ul>\n \t<li>Mezclas de frutas y batidos con aditivos funcionales como prote\u00ednas y vitaminas.<\/li>\n \t<li>Pur\u00e9s de frutas<\/li>\n \t<li>Ingredientes org\u00e1nicos y convencionales<\/li>\n \t<li>Productos a base de yogur \u2013 cultivos vivos y activos<\/li>\n<\/ul>\nProtegemos su marca con una calidad inigualable y est\u00e1ndares de seguridad alimentaria incomparables en los que puede confiar.\t\t\t\t\t\t\t\t<\/div>\n\t\t\t\t<\/div>\n\t\t\t\t\t<\/div>\n\t\t<\/div>\n\t\t\t\t<div class=\"elementor-column elementor-col-66 elementor-top-column elementor-element elementor-element-c2bcdc8\" data-id=\"c2bcdc8\" data-element_type=\"column\" data-e-type=\"column\">\n\t\t\t<div class=\"elementor-widget-wrap elementor-element-populated\">\n\t\t\t\t\t\t<div class=\"elementor-element elementor-element-176ea64 elementor-widget elementor-widget-image\" data-id=\"176ea64\" data-element_type=\"widget\" data-e-type=\"widget\" data-widget_type=\"image.default\">\n\t\t\t\t<div class=\"elementor-widget-container\">\n\t\t\t\t\t\t\t\t\t\t\t\t\t\t\t<img fetchpriority=\"high\" decoding=\"async\" width=\"780\" height=\"520\" src=\"https:\/\/www.sbfoods.com\/wp-content\/uploads\/2022\/08\/TI_02A-1536x1024-1-1024x683.jpg\" class=\"attachment-large size-large wp-image-11223\" alt=\"\" srcset=\"https:\/\/www.sbfoods.com\/wp-content\/uploads\/2022\/08\/TI_02A-1536x1024-1-1024x683.jpg 1024w, https:\/\/www.sbfoods.com\/wp-content\/uploads\/2022\/08\/TI_02A-1536x1024-1-300x200.jpg 300w, https:\/\/www.sbfoods.com\/wp-content\/uploads\/2022\/08\/TI_02A-1536x1024-1-720x480.jpg 720w, https:\/\/www.sbfoods.com\/wp-content\/uploads\/2022\/08\/TI_02A-1536x1024-1.jpg 1536w\" sizes=\"(max-width: 780px) 100vw, 780px\" \/>\t\t\t\t\t\t\t\t\t\t\t\t\t\t\t<\/div>\n\t\t\t\t<\/div>\n\t\t\t\t<section class=\"elementor-section elementor-inner-section elementor-element elementor-element-f12b1f9 elementor-section-boxed elementor-section-height-default elementor-section-height-default\" data-id=\"f12b1f9\" data-element_type=\"section\" data-e-type=\"section\">\n\t\t\t\t\t\t<div class=\"elementor-container elementor-column-gap-no\">\n\t\t\t\t\t<div class=\"elementor-column elementor-col-50 elementor-inner-column elementor-element elementor-element-4ea7672\" data-id=\"4ea7672\" data-element_type=\"column\" data-e-type=\"column\">\n\t\t\t<div class=\"elementor-widget-wrap elementor-element-populated\">\n\t\t\t\t\t\t<div class=\"elementor-element elementor-element-e99e6c3 elementor-widget elementor-widget-image\" data-id=\"e99e6c3\" data-element_type=\"widget\" data-e-type=\"widget\" data-widget_type=\"image.default\">\n\t\t\t\t<div class=\"elementor-widget-container\">\n\t\t\t\t\t\t\t\t\t\t\t\t\t\t\t<img decoding=\"async\" width=\"780\" height=\"776\" src=\"data:image\/svg+xml,%3Csvg xmlns=&#039;http:\/\/www.w3.org\/2000\/svg&#039; viewBox=&#039;0 0 859 855&#039;%3E%3C\/svg%3E\" class=\"attachment-large size-large wp-image-11224 ld-lazyload\" alt=\"\" data-src=\"https:\/\/www.sbfoods.com\/wp-content\/uploads\/2022\/08\/Boy-Eating-Nutritious-Pouched-Snack-at-Lunch-859x855-1.jpg\" data-srcset=\"https:\/\/www.sbfoods.com\/wp-content\/uploads\/2022\/08\/Boy-Eating-Nutritious-Pouched-Snack-at-Lunch-859x855-1.jpg 859w, https:\/\/www.sbfoods.com\/wp-content\/uploads\/2022\/08\/Boy-Eating-Nutritious-Pouched-Snack-at-Lunch-859x855-1-150x150.jpg 150w\" data-sizes=\"(max-width: 780px) 100vw, 780px\" data-aspect=\"1.0046783625731\" \/>\t\t\t\t\t\t\t\t\t\t\t\t\t\t\t<\/div>\n\t\t\t\t<\/div>\n\t\t\t\t\t<\/div>\n\t\t<\/div>\n\t\t\t\t<div class=\"elementor-column elementor-col-50 elementor-inner-column elementor-element elementor-element-f6541c9\" data-id=\"f6541c9\" data-element_type=\"column\" data-e-type=\"column\">\n\t\t\t<div class=\"elementor-widget-wrap elementor-element-populated\">\n\t\t\t\t\t\t<div class=\"elementor-element elementor-element-dbfcabc elementor-widget elementor-widget-image\" data-id=\"dbfcabc\" data-element_type=\"widget\" data-e-type=\"widget\" data-widget_type=\"image.default\">\n\t\t\t\t<div class=\"elementor-widget-container\">\n\t\t\t\t\t\t\t\t\t\t\t\t\t\t\t<img decoding=\"async\" width=\"780\" height=\"776\" src=\"data:image\/svg+xml,%3Csvg xmlns=&#039;http:\/\/www.w3.org\/2000\/svg&#039; viewBox=&#039;0 0 859 855&#039;%3E%3C\/svg%3E\" class=\"attachment-large size-large wp-image-11225 ld-lazyload\" alt=\"\" data-src=\"https:\/\/www.sbfoods.com\/wp-content\/uploads\/2022\/08\/I_71.3-scaled-859x855-1.jpg\" data-srcset=\"https:\/\/www.sbfoods.com\/wp-content\/uploads\/2022\/08\/I_71.3-scaled-859x855-1.jpg 859w, https:\/\/www.sbfoods.com\/wp-content\/uploads\/2022\/08\/I_71.3-scaled-859x855-1-150x150.jpg 150w\" data-sizes=\"(max-width: 780px) 100vw, 780px\" data-aspect=\"1.0046783625731\" \/>\t\t\t\t\t\t\t\t\t\t\t\t\t\t\t<\/div>\n\t\t\t\t<\/div>\n\t\t\t\t\t<\/div>\n\t\t<\/div>\n\t\t\t\t\t<\/div>\n\t\t<\/section>\n\t\t\t\t\t<\/div>\n\t\t<\/div>\n\t\t\t\t\t<\/div>\n\t\t<\/section>\n\t\t\t\t<\/div>\n\t\t","protected":false},"excerpt":{"rendered":"<p>Desde alimentos para beb\u00e9s hasta comidas para la escuela Fiabilidad con la que los padres pueden contar Como fabricante por contrato de alimentos para beb\u00e9s l\u00edder a nivel mundial, producimos una amplia gama de alimentos para beb\u00e9s y pur\u00e9s de refrigerios para loncheras de alta calidad con los mejores ingredientes de la naturaleza. Fiabilidad con [&hellip;]<\/p>\n","protected":false},"author":3,"featured_media":11774,"parent":0,"menu_order":0,"comment_status":"closed","ping_status":"closed","template":"","meta":{"om_disable_all_campaigns":false,"_monsterinsights_skip_tracking":false,"_monsterinsights_sitenote_active":false,"_monsterinsights_sitenote_note":"","_monsterinsights_sitenote_category":0,"footnotes":""},"class_list":["post-12136","page","type-page","status-publish","has-post-thumbnail","hentry"],"aioseo_notices":[],"_links":{"self":[{"href":"https:\/\/www.sbfoods.com\/es\/wp-json\/wp\/v2\/pages\/12136","targetHints":{"allow":["GET"]}}],"collection":[{"href":"https:\/\/www.sbfoods.com\/es\/wp-json\/wp\/v2\/pages"}],"about":[{"href":"https:\/\/www.sbfoods.com\/es\/wp-json\/wp\/v2\/types\/page"}],"author":[{"embeddable":true,"href":"https:\/\/www.sbfoods.com\/es\/wp-json\/wp\/v2\/users\/3"}],"replies":[{"embeddable":true,"href":"https:\/\/www.sbfoods.com\/es\/wp-json\/wp\/v2\/comments?post=12136"}],"version-history":[{"count":4,"href":"https:\/\/www.sbfoods.com\/es\/wp-json\/wp\/v2\/pages\/12136\/revisions"}],"predecessor-version":[{"id":12210,"href":"https:\/\/www.sbfoods.com\/es\/wp-json\/wp\/v2\/pages\/12136\/revisions\/12210"}],"wp:featuredmedia":[{"embeddable":true,"href":"https:\/\/www.sbfoods.com\/es\/wp-json\/wp\/v2\/media\/11774"}],"wp:attachment":[{"href":"https:\/\/www.sbfoods.com\/es\/wp-json\/wp\/v2\/media?parent=12136"}],"curies":[{"name":"wp","href":"https:\/\/api.w.org\/{rel}","templated":true}]}}