{"id":12102,"date":"2022-08-04T11:10:34","date_gmt":"2022-08-04T11:10:34","guid":{"rendered":"http:\/\/yonahe10.sg-host.com\/?page_id=12102"},"modified":"2022-09-09T05:17:56","modified_gmt":"2022-09-09T05:17:56","slug":"fourrages-et-garnitures-de-patisserie","status":"publish","type":"page","link":"https:\/\/www.sbfoods.com\/fr\/fourrages-et-garnitures-de-patisserie\/","title":{"rendered":"Fourrages et garnitures de p\u00e2tisserie"},"content":{"rendered":"\t\t<div data-elementor-type=\"wp-page\" data-elementor-id=\"12102\" class=\"elementor elementor-12102\">\n\t\t\t\t\t\t<section class=\"elementor-section elementor-top-section elementor-element elementor-element-567351e elementor-section-height-min-height elementor-section-content-middle elementor-section-boxed elementor-section-height-default elementor-section-items-middle\" data-id=\"567351e\" data-element_type=\"section\" data-e-type=\"section\" data-settings=\"{&quot;background_background&quot;:&quot;classic&quot;}\">\n\t\t\t\t\t\t\t<div class=\"elementor-background-overlay\"><\/div>\n\t\t\t\t\t\t\t<div class=\"elementor-container elementor-column-gap-default\">\n\t\t\t\t\t<div class=\"elementor-column elementor-col-100 elementor-top-column elementor-element elementor-element-925d444\" data-id=\"925d444\" data-element_type=\"column\" data-e-type=\"column\">\n\t\t\t<div class=\"elementor-widget-wrap elementor-element-populated\">\n\t\t\t\t\t\t<div class=\"elementor-element elementor-element-f70f9c6 elementor-widget elementor-widget-heading\" data-id=\"f70f9c6\" data-element_type=\"widget\" data-e-type=\"widget\" data-widget_type=\"heading.default\">\n\t\t\t\t<div class=\"elementor-widget-container\">\n\t\t\t\t\t<h1 class=\"elementor-heading-title elementor-size-default\">Fourrages et garnitures de <br>p\u00e2tisserie <\/h1>\t\t\t\t<\/div>\n\t\t\t\t<\/div>\n\t\t\t\t<div class=\"elementor-element elementor-element-ddca457 elementor-widget elementor-widget-spacer\" data-id=\"ddca457\" data-element_type=\"widget\" data-e-type=\"widget\" data-widget_type=\"spacer.default\">\n\t\t\t\t<div class=\"elementor-widget-container\">\n\t\t\t\t\t\t\t<div class=\"elementor-spacer\">\n\t\t\t<div class=\"elementor-spacer-inner\"><\/div>\n\t\t<\/div>\n\t\t\t\t\t\t<\/div>\n\t\t\t\t<\/div>\n\t\t\t\t\t<\/div>\n\t\t<\/div>\n\t\t\t\t\t<\/div>\n\t\t<\/section>\n\t\t\t\t<section class=\"elementor-section elementor-top-section elementor-element elementor-element-3888c55 elementor-section-boxed elementor-section-height-default elementor-section-height-default\" data-id=\"3888c55\" data-element_type=\"section\" data-e-type=\"section\">\n\t\t\t\t\t\t<div class=\"elementor-container elementor-column-gap-default\">\n\t\t\t\t\t<div class=\"elementor-column elementor-col-33 elementor-top-column elementor-element elementor-element-b910770\" data-id=\"b910770\" data-element_type=\"column\" data-e-type=\"column\">\n\t\t\t<div class=\"elementor-widget-wrap elementor-element-populated\">\n\t\t\t\t\t\t<div class=\"elementor-element elementor-element-bc639d6 elementor-widget elementor-widget-hub_fancy_heading\" data-id=\"bc639d6\" data-element_type=\"widget\" data-e-type=\"widget\" data-widget_type=\"hub_fancy_heading.default\">\n\t\t\t\t<div class=\"elementor-widget-container\">\n\t\t\t\t\t\n\t\t<div id=\"ld-fancy-heading-69f5fa53ed311\" class=\"ld-fancy-heading pos-rel\">\n\t\t\t<h1 class=\"ld-fh-element d-inline-block pos-rel  elementor-heading-title lqd-highlight-classic lqd-highlight-grow-left h1\"  > Rempli, \u00e9tal\u00e9 ou en cuiller\u00e9e<\/h1>\t\t<\/div>\n\n\t\t\t\t\t\t<\/div>\n\t\t\t\t<\/div>\n\t\t\t\t<div class=\"elementor-element elementor-element-a965e73 elementor-widget elementor-widget-text-editor\" data-id=\"a965e73\" data-element_type=\"widget\" data-e-type=\"widget\" data-widget_type=\"text-editor.default\">\n\t\t\t\t<div class=\"elementor-widget-container\">\n\t\t\t\t\t\t\t\t\t<p>Les tartes, les beignets, les p\u00e2tisseries pour grille-pain et les garnitures pour sundae n&rsquo;ont pas le m\u00eame go\u00fbt sans une saveur de haute qualit\u00e9. Travaillez avec nous pour d\u00e9velopper des garnitures de boulangerie, des tartinades de fruits et des garnitures pour r\u00e9pondre \u00e0 vos besoins et applications sp\u00e9cifiques.<\/p><p>Faites confiance \u00e0 notre expertise en d\u00e9veloppement de produits pour fournir des garnitures de boulangerie, des tartinades de fruits et des garnitures con\u00e7ues pour r\u00e9pondre \u00e0 vos besoins de fabrication et ravir vos clients.<\/p><p>Nos comp\u00e9tences en mati\u00e8re de d\u00e9veloppement de produits incluent :<\/p><p>\u00c9tiquette propre<br \/>Riche en fibres<br \/>Haute teneur en fruits<br \/>Non-OGM<br \/>NSA\/\u00e0 faible teneur en sucre<\/p>\t\t\t\t\t\t\t\t<\/div>\n\t\t\t\t<\/div>\n\t\t\t\t<div class=\"elementor-element elementor-element-1563688 elementor-widget elementor-widget-ld_button\" data-id=\"1563688\" data-element_type=\"widget\" data-e-type=\"widget\" data-widget_type=\"ld_button.default\">\n\t\t\t\t<div class=\"elementor-widget-container\">\n\t\t\t\t\t\n\t\t<a  href=\"https:\/\/sbfoods.com\/wp-content\/uploads\/2022\/08\/v1-bakery-filling-pdf-compressed-1.pdf\" class=\"elementor-button btn ws-nowrap btn-solid btn-icon-left btn-has-label\" >\n\t\t\t\t\t\t\t<span class=\"btn-txt\"  data-text=\"COUCHES DE BARRES\" >COUCHES DE BARRES<\/span>\n\t\t\t\t\t\t\t\t\t\t\t<span class=\"btn-icon\">\n\t\t\t\t\t\t<i aria-hidden=\"true\" class=\"fas fa-file-pdf\"><\/i>\t\t\t\t\t<\/span>\n\t\t\t\t\t\t\t<\/a>\n\n\t\t\t\t\t\t<\/div>\n\t\t\t\t<\/div>\n\t\t\t\t\t<\/div>\n\t\t<\/div>\n\t\t\t\t<div class=\"elementor-column elementor-col-66 elementor-top-column elementor-element elementor-element-c2bcdc8\" data-id=\"c2bcdc8\" data-element_type=\"column\" data-e-type=\"column\">\n\t\t\t<div class=\"elementor-widget-wrap elementor-element-populated\">\n\t\t\t\t\t\t<section class=\"elementor-section elementor-inner-section elementor-element elementor-element-f12b1f9 elementor-section-boxed elementor-section-height-default elementor-section-height-default\" data-id=\"f12b1f9\" data-element_type=\"section\" data-e-type=\"section\">\n\t\t\t\t\t\t<div class=\"elementor-container elementor-column-gap-no\">\n\t\t\t\t\t<div class=\"elementor-column elementor-col-50 elementor-inner-column elementor-element elementor-element-4ea7672\" data-id=\"4ea7672\" data-element_type=\"column\" data-e-type=\"column\">\n\t\t\t<div class=\"elementor-widget-wrap elementor-element-populated\">\n\t\t\t\t\t\t<div class=\"elementor-element elementor-element-e99e6c3 elementor-widget elementor-widget-image\" data-id=\"e99e6c3\" data-element_type=\"widget\" data-e-type=\"widget\" data-widget_type=\"image.default\">\n\t\t\t\t<div class=\"elementor-widget-container\">\n\t\t\t\t\t\t\t\t\t\t\t\t\t\t\t<img fetchpriority=\"high\" decoding=\"async\" width=\"780\" height=\"780\" src=\"https:\/\/www.sbfoods.com\/wp-content\/uploads\/2022\/08\/bakery-fillings-toppings1.jpg\" class=\"attachment-large size-large wp-image-11149\" alt=\"\" srcset=\"https:\/\/www.sbfoods.com\/wp-content\/uploads\/2022\/08\/bakery-fillings-toppings1.jpg 800w, https:\/\/www.sbfoods.com\/wp-content\/uploads\/2022\/08\/bakery-fillings-toppings1-300x300.jpg 300w, https:\/\/www.sbfoods.com\/wp-content\/uploads\/2022\/08\/bakery-fillings-toppings1-150x150.jpg 150w, https:\/\/www.sbfoods.com\/wp-content\/uploads\/2022\/08\/bakery-fillings-toppings1-320x320.jpg 320w, https:\/\/www.sbfoods.com\/wp-content\/uploads\/2022\/08\/bakery-fillings-toppings1-760x760.jpg 760w\" sizes=\"(max-width: 780px) 100vw, 780px\" \/>\t\t\t\t\t\t\t\t\t\t\t\t\t\t\t<\/div>\n\t\t\t\t<\/div>\n\t\t\t\t\t<\/div>\n\t\t<\/div>\n\t\t\t\t<div class=\"elementor-column elementor-col-50 elementor-inner-column elementor-element elementor-element-f6541c9\" data-id=\"f6541c9\" data-element_type=\"column\" data-e-type=\"column\">\n\t\t\t<div class=\"elementor-widget-wrap elementor-element-populated\">\n\t\t\t\t\t\t<div class=\"elementor-element elementor-element-dbfcabc elementor-widget elementor-widget-image\" data-id=\"dbfcabc\" data-element_type=\"widget\" data-e-type=\"widget\" data-widget_type=\"image.default\">\n\t\t\t\t<div class=\"elementor-widget-container\">\n\t\t\t\t\t\t\t\t\t\t\t\t\t\t\t<img decoding=\"async\" width=\"780\" height=\"780\" src=\"data:image\/svg+xml,%3Csvg xmlns=&#039;http:\/\/www.w3.org\/2000\/svg&#039; viewBox=&#039;0 0 800 800&#039;%3E%3C\/svg%3E\" class=\"attachment-large size-large wp-image-11150 ld-lazyload\" alt=\"\" data-src=\"https:\/\/www.sbfoods.com\/wp-content\/uploads\/2022\/08\/I_35-scaled-800x800-1.jpg\" data-srcset=\"https:\/\/www.sbfoods.com\/wp-content\/uploads\/2022\/08\/I_35-scaled-800x800-1.jpg 800w, https:\/\/www.sbfoods.com\/wp-content\/uploads\/2022\/08\/I_35-scaled-800x800-1-300x300.jpg 300w, https:\/\/www.sbfoods.com\/wp-content\/uploads\/2022\/08\/I_35-scaled-800x800-1-150x150.jpg 150w, https:\/\/www.sbfoods.com\/wp-content\/uploads\/2022\/08\/I_35-scaled-800x800-1-320x320.jpg 320w, https:\/\/www.sbfoods.com\/wp-content\/uploads\/2022\/08\/I_35-scaled-800x800-1-760x760.jpg 760w\" data-sizes=\"(max-width: 780px) 100vw, 780px\" data-aspect=\"1\" \/>\t\t\t\t\t\t\t\t\t\t\t\t\t\t\t<\/div>\n\t\t\t\t<\/div>\n\t\t\t\t\t<\/div>\n\t\t<\/div>\n\t\t\t\t\t<\/div>\n\t\t<\/section>\n\t\t\t\t<section class=\"elementor-section elementor-inner-section elementor-element elementor-element-f9d27c4 elementor-section-boxed elementor-section-height-default elementor-section-height-default\" data-id=\"f9d27c4\" data-element_type=\"section\" data-e-type=\"section\">\n\t\t\t\t\t\t<div class=\"elementor-container elementor-column-gap-no\">\n\t\t\t\t\t<div class=\"elementor-column elementor-col-50 elementor-inner-column elementor-element elementor-element-d3de6cd\" data-id=\"d3de6cd\" data-element_type=\"column\" data-e-type=\"column\">\n\t\t\t<div class=\"elementor-widget-wrap elementor-element-populated\">\n\t\t\t\t\t\t<div class=\"elementor-element elementor-element-7cad0ca elementor-widget elementor-widget-image\" data-id=\"7cad0ca\" data-element_type=\"widget\" data-e-type=\"widget\" data-widget_type=\"image.default\">\n\t\t\t\t<div class=\"elementor-widget-container\">\n\t\t\t\t\t\t\t\t\t\t\t\t\t\t\t<img decoding=\"async\" width=\"780\" height=\"780\" src=\"data:image\/svg+xml,%3Csvg xmlns=&#039;http:\/\/www.w3.org\/2000\/svg&#039; viewBox=&#039;0 0 800 800&#039;%3E%3C\/svg%3E\" class=\"attachment-large size-large wp-image-11151 ld-lazyload\" alt=\"\" data-src=\"https:\/\/www.sbfoods.com\/wp-content\/uploads\/2022\/08\/bakery-fillings-toppings3.jpg\" data-srcset=\"https:\/\/www.sbfoods.com\/wp-content\/uploads\/2022\/08\/bakery-fillings-toppings3.jpg 800w, https:\/\/www.sbfoods.com\/wp-content\/uploads\/2022\/08\/bakery-fillings-toppings3-300x300.jpg 300w, https:\/\/www.sbfoods.com\/wp-content\/uploads\/2022\/08\/bakery-fillings-toppings3-150x150.jpg 150w, https:\/\/www.sbfoods.com\/wp-content\/uploads\/2022\/08\/bakery-fillings-toppings3-320x320.jpg 320w, https:\/\/www.sbfoods.com\/wp-content\/uploads\/2022\/08\/bakery-fillings-toppings3-760x760.jpg 760w\" data-sizes=\"(max-width: 780px) 100vw, 780px\" data-aspect=\"1\" \/>\t\t\t\t\t\t\t\t\t\t\t\t\t\t\t<\/div>\n\t\t\t\t<\/div>\n\t\t\t\t\t<\/div>\n\t\t<\/div>\n\t\t\t\t<div class=\"elementor-column elementor-col-50 elementor-inner-column elementor-element elementor-element-a7281a1\" data-id=\"a7281a1\" data-element_type=\"column\" data-e-type=\"column\">\n\t\t\t<div class=\"elementor-widget-wrap elementor-element-populated\">\n\t\t\t\t\t\t<div class=\"elementor-element elementor-element-60b9897 elementor-widget elementor-widget-image\" data-id=\"60b9897\" data-element_type=\"widget\" data-e-type=\"widget\" data-widget_type=\"image.default\">\n\t\t\t\t<div class=\"elementor-widget-container\">\n\t\t\t\t\t\t\t\t\t\t\t\t\t\t\t<img loading=\"lazy\" decoding=\"async\" width=\"780\" height=\"780\" src=\"data:image\/svg+xml,%3Csvg xmlns=&#039;http:\/\/www.w3.org\/2000\/svg&#039; viewBox=&#039;0 0 800 800&#039;%3E%3C\/svg%3E\" class=\"attachment-large size-large wp-image-11152 ld-lazyload\" alt=\"\" data-src=\"https:\/\/www.sbfoods.com\/wp-content\/uploads\/2022\/08\/I_36-scaled-800x800-1.jpg\" data-srcset=\"https:\/\/www.sbfoods.com\/wp-content\/uploads\/2022\/08\/I_36-scaled-800x800-1.jpg 800w, https:\/\/www.sbfoods.com\/wp-content\/uploads\/2022\/08\/I_36-scaled-800x800-1-300x300.jpg 300w, https:\/\/www.sbfoods.com\/wp-content\/uploads\/2022\/08\/I_36-scaled-800x800-1-150x150.jpg 150w, https:\/\/www.sbfoods.com\/wp-content\/uploads\/2022\/08\/I_36-scaled-800x800-1-320x320.jpg 320w, https:\/\/www.sbfoods.com\/wp-content\/uploads\/2022\/08\/I_36-scaled-800x800-1-760x760.jpg 760w\" data-sizes=\"(max-width: 780px) 100vw, 780px\" data-aspect=\"1\" \/>\t\t\t\t\t\t\t\t\t\t\t\t\t\t\t<\/div>\n\t\t\t\t<\/div>\n\t\t\t\t\t<\/div>\n\t\t<\/div>\n\t\t\t\t\t<\/div>\n\t\t<\/section>\n\t\t\t\t\t<\/div>\n\t\t<\/div>\n\t\t\t\t\t<\/div>\n\t\t<\/section>\n\t\t\t\t<\/div>\n\t\t","protected":false},"excerpt":{"rendered":"<p>Fourrages et garnitures de p\u00e2tisserie Rempli, \u00e9tal\u00e9 ou en cuiller\u00e9e Les tartes, les beignets, les p\u00e2tisseries pour grille-pain et les garnitures pour sundae n&rsquo;ont pas le m\u00eame go\u00fbt sans une saveur de haute qualit\u00e9. Travaillez avec nous pour d\u00e9velopper des garnitures de boulangerie, des tartinades de fruits et des garnitures pour r\u00e9pondre \u00e0 vos besoins [&hellip;]<\/p>\n","protected":false},"author":3,"featured_media":11723,"parent":0,"menu_order":0,"comment_status":"closed","ping_status":"closed","template":"","meta":{"om_disable_all_campaigns":false,"_monsterinsights_skip_tracking":false,"_monsterinsights_sitenote_active":false,"_monsterinsights_sitenote_note":"","_monsterinsights_sitenote_category":0,"footnotes":""},"class_list":["post-12102","page","type-page","status-publish","has-post-thumbnail","hentry"],"aioseo_notices":[],"_links":{"self":[{"href":"https:\/\/www.sbfoods.com\/fr\/wp-json\/wp\/v2\/pages\/12102","targetHints":{"allow":["GET"]}}],"collection":[{"href":"https:\/\/www.sbfoods.com\/fr\/wp-json\/wp\/v2\/pages"}],"about":[{"href":"https:\/\/www.sbfoods.com\/fr\/wp-json\/wp\/v2\/types\/page"}],"author":[{"embeddable":true,"href":"https:\/\/www.sbfoods.com\/fr\/wp-json\/wp\/v2\/users\/3"}],"replies":[{"embeddable":true,"href":"https:\/\/www.sbfoods.com\/fr\/wp-json\/wp\/v2\/comments?post=12102"}],"version-history":[{"count":7,"href":"https:\/\/www.sbfoods.com\/fr\/wp-json\/wp\/v2\/pages\/12102\/revisions"}],"predecessor-version":[{"id":12180,"href":"https:\/\/www.sbfoods.com\/fr\/wp-json\/wp\/v2\/pages\/12102\/revisions\/12180"}],"wp:featuredmedia":[{"embeddable":true,"href":"https:\/\/www.sbfoods.com\/fr\/wp-json\/wp\/v2\/media\/11723"}],"wp:attachment":[{"href":"https:\/\/www.sbfoods.com\/fr\/wp-json\/wp\/v2\/media?parent=12102"}],"curies":[{"name":"wp","href":"https:\/\/api.w.org\/{rel}","templated":true}]}}