{"id":12104,"date":"2022-08-04T11:17:43","date_gmt":"2022-08-04T11:17:43","guid":{"rendered":"http:\/\/yonahe10.sg-host.com\/?page_id=12104"},"modified":"2022-09-09T05:15:27","modified_gmt":"2022-09-09T05:15:27","slug":"fourrages-de-confiserie","status":"publish","type":"page","link":"https:\/\/www.sbfoods.com\/fr\/fourrages-de-confiserie\/","title":{"rendered":"Fourrages de confiserie"},"content":{"rendered":"\t\t<div data-elementor-type=\"wp-page\" data-elementor-id=\"12104\" class=\"elementor elementor-12104\">\n\t\t\t\t\t\t<section class=\"elementor-section elementor-top-section elementor-element elementor-element-567351e elementor-section-height-min-height elementor-section-content-middle elementor-section-boxed elementor-section-height-default elementor-section-items-middle\" data-id=\"567351e\" data-element_type=\"section\" data-e-type=\"section\" data-settings=\"{&quot;background_background&quot;:&quot;classic&quot;}\">\n\t\t\t\t\t\t\t<div class=\"elementor-background-overlay\"><\/div>\n\t\t\t\t\t\t\t<div class=\"elementor-container elementor-column-gap-default\">\n\t\t\t\t\t<div class=\"elementor-column elementor-col-100 elementor-top-column elementor-element elementor-element-925d444\" data-id=\"925d444\" data-element_type=\"column\" data-e-type=\"column\">\n\t\t\t<div class=\"elementor-widget-wrap elementor-element-populated\">\n\t\t\t\t\t\t<div class=\"elementor-element elementor-element-f70f9c6 elementor-widget elementor-widget-heading\" data-id=\"f70f9c6\" data-element_type=\"widget\" data-e-type=\"widget\" data-widget_type=\"heading.default\">\n\t\t\t\t<div class=\"elementor-widget-container\">\n\t\t\t\t\t<h1 class=\"elementor-heading-title elementor-size-default\">Fourrages de confiserie<\/h1>\t\t\t\t<\/div>\n\t\t\t\t<\/div>\n\t\t\t\t<div class=\"elementor-element elementor-element-ddca457 elementor-widget elementor-widget-spacer\" data-id=\"ddca457\" data-element_type=\"widget\" data-e-type=\"widget\" data-widget_type=\"spacer.default\">\n\t\t\t\t<div class=\"elementor-widget-container\">\n\t\t\t\t\t\t\t<div class=\"elementor-spacer\">\n\t\t\t<div class=\"elementor-spacer-inner\"><\/div>\n\t\t<\/div>\n\t\t\t\t\t\t<\/div>\n\t\t\t\t<\/div>\n\t\t\t\t\t<\/div>\n\t\t<\/div>\n\t\t\t\t\t<\/div>\n\t\t<\/section>\n\t\t\t\t<section class=\"elementor-section elementor-top-section elementor-element elementor-element-3888c55 elementor-section-boxed elementor-section-height-default elementor-section-height-default\" data-id=\"3888c55\" data-element_type=\"section\" data-e-type=\"section\">\n\t\t\t\t\t\t<div class=\"elementor-container elementor-column-gap-default\">\n\t\t\t\t\t<div class=\"elementor-column elementor-col-33 elementor-top-column elementor-element elementor-element-b910770\" data-id=\"b910770\" data-element_type=\"column\" data-e-type=\"column\">\n\t\t\t<div class=\"elementor-widget-wrap elementor-element-populated\">\n\t\t\t\t\t\t<div class=\"elementor-element elementor-element-bc639d6 elementor-widget elementor-widget-hub_fancy_heading\" data-id=\"bc639d6\" data-element_type=\"widget\" data-e-type=\"widget\" data-widget_type=\"hub_fancy_heading.default\">\n\t\t\t\t<div class=\"elementor-widget-container\">\n\t\t\t\t\t\n\t\t<div id=\"ld-fancy-heading-69f295eb09e0f\" class=\"ld-fancy-heading pos-rel\">\n\t\t\t<h1 class=\"ld-fh-element d-inline-block pos-rel  elementor-heading-title lqd-highlight-classic lqd-highlight-grow-left h1\"  > L'indulgence \u00e0 son meilleur !<\/h1>\t\t<\/div>\n\n\t\t\t\t\t\t<\/div>\n\t\t\t\t<\/div>\n\t\t\t\t<div class=\"elementor-element elementor-element-a965e73 elementor-widget elementor-widget-text-editor\" data-id=\"a965e73\" data-element_type=\"widget\" data-e-type=\"widget\" data-widget_type=\"text-editor.default\">\n\t\t\t\t<div class=\"elementor-widget-container\">\n\t\t\t\t\t\t\t\t\tNos garnitures de confiserie lisses et cr\u00e9meuses peuvent \u00eatre personnalis\u00e9es pour r\u00e9pondre aux propri\u00e9t\u00e9s fonctionnelles, aux besoins nutritionnels, aux pr\u00e9f\u00e9rences de saveur et aux sp\u00e9cifications d&rsquo;application.\t\t\t\t\t\t\t\t<\/div>\n\t\t\t\t<\/div>\n\t\t\t\t<div class=\"elementor-element elementor-element-1563688 elementor-widget elementor-widget-ld_button\" data-id=\"1563688\" data-element_type=\"widget\" data-e-type=\"widget\" data-widget_type=\"ld_button.default\">\n\t\t\t\t<div class=\"elementor-widget-container\">\n\t\t\t\t\t\n\t\t<a  href=\"https:\/\/sbfoods.com\/wp-content\/uploads\/2022\/08\/Confectionery-Fillings-SS.pdf\" class=\"elementor-button btn ws-nowrap btn-solid btn-icon-left btn-has-label\" >\n\t\t\t\t\t\t\t<span class=\"btn-txt\"  data-text=\"COUCHES DE BARRES\" >COUCHES DE BARRES<\/span>\n\t\t\t\t\t\t\t\t\t\t\t<span class=\"btn-icon\">\n\t\t\t\t\t\t<i aria-hidden=\"true\" class=\"fas fa-file-pdf\"><\/i>\t\t\t\t\t<\/span>\n\t\t\t\t\t\t\t<\/a>\n\n\t\t\t\t\t\t<\/div>\n\t\t\t\t<\/div>\n\t\t\t\t<div class=\"elementor-element elementor-element-0473dee elementor-widget elementor-widget-text-editor\" data-id=\"0473dee\" data-element_type=\"widget\" data-e-type=\"widget\" data-widget_type=\"text-editor.default\">\n\t\t\t\t<div class=\"elementor-widget-container\">\n\t\t\t\t\t\t\t\t\t<p>Nos comp\u00e9tences en mati\u00e8re de d\u00e9veloppement de produits incluent :<\/p><p>\u00c9tiquette propre<br \/>Riche en fibres\/riche en prot\u00e9ines<br \/>Non-OGM<br \/>NSA\/\u00e0 faible teneur en sucre<\/p>\t\t\t\t\t\t\t\t<\/div>\n\t\t\t\t<\/div>\n\t\t\t\t\t<\/div>\n\t\t<\/div>\n\t\t\t\t<div class=\"elementor-column elementor-col-66 elementor-top-column elementor-element elementor-element-c2bcdc8\" data-id=\"c2bcdc8\" data-element_type=\"column\" data-e-type=\"column\">\n\t\t\t<div class=\"elementor-widget-wrap elementor-element-populated\">\n\t\t\t\t\t\t<div class=\"elementor-element elementor-element-176ea64 elementor-widget elementor-widget-image\" data-id=\"176ea64\" data-element_type=\"widget\" data-e-type=\"widget\" data-widget_type=\"image.default\">\n\t\t\t\t<div class=\"elementor-widget-container\">\n\t\t\t\t\t\t\t\t\t\t\t\t\t\t\t<img fetchpriority=\"high\" decoding=\"async\" width=\"780\" height=\"520\" src=\"https:\/\/www.sbfoods.com\/wp-content\/uploads\/2022\/08\/Assorted-Confectionery-Fillings-1536x1024-1-1024x683.jpg\" class=\"attachment-large size-large wp-image-11172\" alt=\"\" srcset=\"https:\/\/www.sbfoods.com\/wp-content\/uploads\/2022\/08\/Assorted-Confectionery-Fillings-1536x1024-1-1024x683.jpg 1024w, https:\/\/www.sbfoods.com\/wp-content\/uploads\/2022\/08\/Assorted-Confectionery-Fillings-1536x1024-1-300x200.jpg 300w, https:\/\/www.sbfoods.com\/wp-content\/uploads\/2022\/08\/Assorted-Confectionery-Fillings-1536x1024-1-720x480.jpg 720w, https:\/\/www.sbfoods.com\/wp-content\/uploads\/2022\/08\/Assorted-Confectionery-Fillings-1536x1024-1.jpg 1536w\" sizes=\"(max-width: 780px) 100vw, 780px\" \/>\t\t\t\t\t\t\t\t\t\t\t\t\t\t\t<\/div>\n\t\t\t\t<\/div>\n\t\t\t\t<section class=\"elementor-section elementor-inner-section elementor-element elementor-element-f12b1f9 elementor-section-boxed elementor-section-height-default elementor-section-height-default\" data-id=\"f12b1f9\" data-element_type=\"section\" data-e-type=\"section\">\n\t\t\t\t\t\t<div class=\"elementor-container elementor-column-gap-no\">\n\t\t\t\t\t<div class=\"elementor-column elementor-col-50 elementor-inner-column elementor-element elementor-element-4ea7672\" data-id=\"4ea7672\" data-element_type=\"column\" data-e-type=\"column\">\n\t\t\t<div class=\"elementor-widget-wrap elementor-element-populated\">\n\t\t\t\t\t\t<div class=\"elementor-element elementor-element-e99e6c3 elementor-widget elementor-widget-image\" data-id=\"e99e6c3\" data-element_type=\"widget\" data-e-type=\"widget\" data-widget_type=\"image.default\">\n\t\t\t\t<div class=\"elementor-widget-container\">\n\t\t\t\t\t\t\t\t\t\t\t\t\t\t\t<img decoding=\"async\" width=\"780\" height=\"776\" src=\"data:image\/svg+xml,%3Csvg xmlns=&#039;http:\/\/www.w3.org\/2000\/svg&#039; viewBox=&#039;0 0 859 855&#039;%3E%3C\/svg%3E\" class=\"attachment-large size-large wp-image-11173 ld-lazyload\" alt=\"\" data-src=\"https:\/\/www.sbfoods.com\/wp-content\/uploads\/2022\/08\/i_45.png\" data-srcset=\"https:\/\/www.sbfoods.com\/wp-content\/uploads\/2022\/08\/i_45.png 859w, https:\/\/www.sbfoods.com\/wp-content\/uploads\/2022\/08\/i_45-150x150.png 150w\" data-sizes=\"(max-width: 780px) 100vw, 780px\" data-aspect=\"1.0046783625731\" \/>\t\t\t\t\t\t\t\t\t\t\t\t\t\t\t<\/div>\n\t\t\t\t<\/div>\n\t\t\t\t\t<\/div>\n\t\t<\/div>\n\t\t\t\t<div class=\"elementor-column elementor-col-50 elementor-inner-column elementor-element elementor-element-f6541c9\" data-id=\"f6541c9\" data-element_type=\"column\" data-e-type=\"column\">\n\t\t\t<div class=\"elementor-widget-wrap elementor-element-populated\">\n\t\t\t\t\t\t<div class=\"elementor-element elementor-element-dbfcabc elementor-widget elementor-widget-image\" data-id=\"dbfcabc\" data-element_type=\"widget\" data-e-type=\"widget\" data-widget_type=\"image.default\">\n\t\t\t\t<div class=\"elementor-widget-container\">\n\t\t\t\t\t\t\t\t\t\t\t\t\t\t\t<img decoding=\"async\" width=\"780\" height=\"776\" src=\"data:image\/svg+xml,%3Csvg xmlns=&#039;http:\/\/www.w3.org\/2000\/svg&#039; viewBox=&#039;0 0 859 855&#039;%3E%3C\/svg%3E\" class=\"attachment-large size-large wp-image-11174 ld-lazyload\" alt=\"\" data-src=\"https:\/\/www.sbfoods.com\/wp-content\/uploads\/2022\/08\/Caramel-Confectionery-Filling-Chocolate-Bar.jpg\" data-srcset=\"https:\/\/www.sbfoods.com\/wp-content\/uploads\/2022\/08\/Caramel-Confectionery-Filling-Chocolate-Bar.jpg 859w, https:\/\/www.sbfoods.com\/wp-content\/uploads\/2022\/08\/Caramel-Confectionery-Filling-Chocolate-Bar-150x150.jpg 150w\" data-sizes=\"(max-width: 780px) 100vw, 780px\" data-aspect=\"1.0046783625731\" \/>\t\t\t\t\t\t\t\t\t\t\t\t\t\t\t<\/div>\n\t\t\t\t<\/div>\n\t\t\t\t\t<\/div>\n\t\t<\/div>\n\t\t\t\t\t<\/div>\n\t\t<\/section>\n\t\t\t\t\t<\/div>\n\t\t<\/div>\n\t\t\t\t\t<\/div>\n\t\t<\/section>\n\t\t\t\t<\/div>\n\t\t","protected":false},"excerpt":{"rendered":"<p>Fourrages de confiserie L&rsquo;indulgence \u00e0 son meilleur ! Nos garnitures de confiserie lisses et cr\u00e9meuses peuvent \u00eatre personnalis\u00e9es pour r\u00e9pondre aux propri\u00e9t\u00e9s fonctionnelles, aux besoins nutritionnels, aux pr\u00e9f\u00e9rences de saveur et aux sp\u00e9cifications d&rsquo;application. COUCHES DE BARRES Nos comp\u00e9tences en mati\u00e8re de d\u00e9veloppement de produits incluent : \u00c9tiquette propreRiche en fibres\/riche en prot\u00e9inesNon-OGMNSA\/\u00e0 faible teneur [&hellip;]<\/p>\n","protected":false},"author":3,"featured_media":11735,"parent":0,"menu_order":0,"comment_status":"closed","ping_status":"closed","template":"","meta":{"om_disable_all_campaigns":false,"_monsterinsights_skip_tracking":false,"_monsterinsights_sitenote_active":false,"_monsterinsights_sitenote_note":"","_monsterinsights_sitenote_category":0,"footnotes":""},"class_list":["post-12104","page","type-page","status-publish","has-post-thumbnail","hentry"],"aioseo_notices":[],"_links":{"self":[{"href":"https:\/\/www.sbfoods.com\/fr\/wp-json\/wp\/v2\/pages\/12104","targetHints":{"allow":["GET"]}}],"collection":[{"href":"https:\/\/www.sbfoods.com\/fr\/wp-json\/wp\/v2\/pages"}],"about":[{"href":"https:\/\/www.sbfoods.com\/fr\/wp-json\/wp\/v2\/types\/page"}],"author":[{"embeddable":true,"href":"https:\/\/www.sbfoods.com\/fr\/wp-json\/wp\/v2\/users\/3"}],"replies":[{"embeddable":true,"href":"https:\/\/www.sbfoods.com\/fr\/wp-json\/wp\/v2\/comments?post=12104"}],"version-history":[{"count":4,"href":"https:\/\/www.sbfoods.com\/fr\/wp-json\/wp\/v2\/pages\/12104\/revisions"}],"predecessor-version":[{"id":12174,"href":"https:\/\/www.sbfoods.com\/fr\/wp-json\/wp\/v2\/pages\/12104\/revisions\/12174"}],"wp:featuredmedia":[{"embeddable":true,"href":"https:\/\/www.sbfoods.com\/fr\/wp-json\/wp\/v2\/media\/11735"}],"wp:attachment":[{"href":"https:\/\/www.sbfoods.com\/fr\/wp-json\/wp\/v2\/media?parent=12104"}],"curies":[{"name":"wp","href":"https:\/\/api.w.org\/{rel}","templated":true}]}}