{"id":12106,"date":"2022-08-04T11:22:51","date_gmt":"2022-08-04T11:22:51","guid":{"rendered":"http:\/\/yonahe10.sg-host.com\/?page_id=12106"},"modified":"2022-09-09T05:19:11","modified_gmt":"2022-09-09T05:19:11","slug":"glacages","status":"publish","type":"page","link":"https:\/\/www.sbfoods.com\/fr\/glacages\/","title":{"rendered":"Gla\u00e7ages"},"content":{"rendered":"\t\t<div data-elementor-type=\"wp-page\" data-elementor-id=\"12106\" class=\"elementor elementor-12106\">\n\t\t\t\t\t\t<section class=\"elementor-section elementor-top-section elementor-element elementor-element-567351e elementor-section-height-min-height elementor-section-content-middle elementor-section-boxed elementor-section-height-default elementor-section-items-middle\" data-id=\"567351e\" data-element_type=\"section\" data-e-type=\"section\" data-settings=\"{&quot;background_background&quot;:&quot;classic&quot;}\">\n\t\t\t\t\t\t\t<div class=\"elementor-background-overlay\"><\/div>\n\t\t\t\t\t\t\t<div class=\"elementor-container elementor-column-gap-default\">\n\t\t\t\t\t<div class=\"elementor-column elementor-col-100 elementor-top-column elementor-element elementor-element-925d444\" data-id=\"925d444\" data-element_type=\"column\" data-e-type=\"column\">\n\t\t\t<div class=\"elementor-widget-wrap elementor-element-populated\">\n\t\t\t\t\t\t<div class=\"elementor-element elementor-element-f70f9c6 elementor-widget elementor-widget-heading\" data-id=\"f70f9c6\" data-element_type=\"widget\" data-e-type=\"widget\" data-widget_type=\"heading.default\">\n\t\t\t\t<div class=\"elementor-widget-container\">\n\t\t\t\t\t<h1 class=\"elementor-heading-title elementor-size-default\">Gla\u00e7ages<\/h1>\t\t\t\t<\/div>\n\t\t\t\t<\/div>\n\t\t\t\t<div class=\"elementor-element elementor-element-ddca457 elementor-widget elementor-widget-spacer\" data-id=\"ddca457\" data-element_type=\"widget\" data-e-type=\"widget\" data-widget_type=\"spacer.default\">\n\t\t\t\t<div class=\"elementor-widget-container\">\n\t\t\t\t\t\t\t<div class=\"elementor-spacer\">\n\t\t\t<div class=\"elementor-spacer-inner\"><\/div>\n\t\t<\/div>\n\t\t\t\t\t\t<\/div>\n\t\t\t\t<\/div>\n\t\t\t\t\t<\/div>\n\t\t<\/div>\n\t\t\t\t\t<\/div>\n\t\t<\/section>\n\t\t\t\t<section class=\"elementor-section elementor-top-section elementor-element elementor-element-3888c55 elementor-section-boxed elementor-section-height-default elementor-section-height-default\" data-id=\"3888c55\" data-element_type=\"section\" data-e-type=\"section\">\n\t\t\t\t\t\t<div class=\"elementor-container elementor-column-gap-default\">\n\t\t\t\t\t<div class=\"elementor-column elementor-col-33 elementor-top-column elementor-element elementor-element-b910770\" data-id=\"b910770\" data-element_type=\"column\" data-e-type=\"column\">\n\t\t\t<div class=\"elementor-widget-wrap elementor-element-populated\">\n\t\t\t\t\t\t<div class=\"elementor-element elementor-element-bc639d6 elementor-widget elementor-widget-hub_fancy_heading\" data-id=\"bc639d6\" data-element_type=\"widget\" data-e-type=\"widget\" data-widget_type=\"hub_fancy_heading.default\">\n\t\t\t\t<div class=\"elementor-widget-container\">\n\t\t\t\t\t\n\t\t<div id=\"ld-fancy-heading-69eb32cf5ef88\" class=\"ld-fancy-heading pos-rel\">\n\t\t\t<h1 class=\"ld-fh-element d-inline-block pos-rel  elementor-heading-title lqd-highlight-classic lqd-highlight-grow-left h1\"  > La touche finale<\/h1>\t\t<\/div>\n\n\t\t\t\t\t\t<\/div>\n\t\t\t\t<\/div>\n\t\t\t\t<div class=\"elementor-element elementor-element-a965e73 elementor-widget elementor-widget-text-editor\" data-id=\"a965e73\" data-element_type=\"widget\" data-e-type=\"widget\" data-widget_type=\"text-editor.default\">\n\t\t\t\t<div class=\"elementor-widget-container\">\n\t\t\t\t\t\t\t\t\t<p>Tout est dans les d\u00e9tails lorsque des performances sup\u00e9rieures rencontrent un excellent go\u00fbt. Sans stress et faciles \u00e0 utiliser, nos gla\u00e7ages d\u00e9velopp\u00e9s sur mesure ajoutent la touche finale ultime.<\/p><p>R\u00e9frig\u00e9r\u00e9s, de longue conservation et pr\u00eats \u00e0 l&#8217;emploi, nos gla\u00e7ages traditionnels et aromatis\u00e9s offrent une superbe stabilit\u00e9, une texture riche et cr\u00e9meuse et une saveur propre.<\/p><p>Nos comp\u00e9tences en mati\u00e8re de d\u00e9veloppement de produits incluent :<\/p><p>\u00c9tiquette propre<br \/>Non-OGM<br \/>NSA\/\u00e0 faible teneur en sucre<\/p>\t\t\t\t\t\t\t\t<\/div>\n\t\t\t\t<\/div>\n\t\t\t\t\t<\/div>\n\t\t<\/div>\n\t\t\t\t<div class=\"elementor-column elementor-col-66 elementor-top-column elementor-element elementor-element-c2bcdc8\" data-id=\"c2bcdc8\" data-element_type=\"column\" data-e-type=\"column\">\n\t\t\t<div class=\"elementor-widget-wrap elementor-element-populated\">\n\t\t\t\t\t\t<div class=\"elementor-element elementor-element-176ea64 elementor-widget elementor-widget-image\" data-id=\"176ea64\" data-element_type=\"widget\" data-e-type=\"widget\" data-widget_type=\"image.default\">\n\t\t\t\t<div class=\"elementor-widget-container\">\n\t\t\t\t\t\t\t\t\t\t\t\t\t\t\t<img fetchpriority=\"high\" decoding=\"async\" width=\"780\" height=\"519\" src=\"https:\/\/www.sbfoods.com\/wp-content\/uploads\/2022\/08\/I_38-scaled-e1616096374260-1024x682.jpg\" class=\"attachment-large size-large wp-image-11182\" alt=\"\" srcset=\"https:\/\/www.sbfoods.com\/wp-content\/uploads\/2022\/08\/I_38-scaled-e1616096374260-1024x682.jpg 1024w, https:\/\/www.sbfoods.com\/wp-content\/uploads\/2022\/08\/I_38-scaled-e1616096374260-300x200.jpg 300w, https:\/\/www.sbfoods.com\/wp-content\/uploads\/2022\/08\/I_38-scaled-e1616096374260-720x480.jpg 720w, https:\/\/www.sbfoods.com\/wp-content\/uploads\/2022\/08\/I_38-scaled-e1616096374260.jpg 1291w\" sizes=\"(max-width: 780px) 100vw, 780px\" \/>\t\t\t\t\t\t\t\t\t\t\t\t\t\t\t<\/div>\n\t\t\t\t<\/div>\n\t\t\t\t<section class=\"elementor-section elementor-inner-section elementor-element elementor-element-f12b1f9 elementor-section-boxed elementor-section-height-default elementor-section-height-default\" data-id=\"f12b1f9\" data-element_type=\"section\" data-e-type=\"section\">\n\t\t\t\t\t\t<div class=\"elementor-container elementor-column-gap-no\">\n\t\t\t\t\t<div class=\"elementor-column elementor-col-50 elementor-inner-column elementor-element elementor-element-4ea7672\" data-id=\"4ea7672\" data-element_type=\"column\" data-e-type=\"column\">\n\t\t\t<div class=\"elementor-widget-wrap elementor-element-populated\">\n\t\t\t\t\t\t<div class=\"elementor-element elementor-element-e99e6c3 elementor-widget elementor-widget-image\" data-id=\"e99e6c3\" data-element_type=\"widget\" data-e-type=\"widget\" data-widget_type=\"image.default\">\n\t\t\t\t<div class=\"elementor-widget-container\">\n\t\t\t\t\t\t\t\t\t\t\t\t\t\t\t<img decoding=\"async\" width=\"500\" height=\"500\" src=\"data:image\/svg+xml,%3Csvg xmlns=&#039;http:\/\/www.w3.org\/2000\/svg&#039; viewBox=&#039;0 0 500 500&#039;%3E%3C\/svg%3E\" class=\"attachment-large size-large wp-image-11183 ld-lazyload\" alt=\"\" data-src=\"https:\/\/www.sbfoods.com\/wp-content\/uploads\/2022\/08\/i_39.png\" data-srcset=\"https:\/\/www.sbfoods.com\/wp-content\/uploads\/2022\/08\/i_39.png 500w, https:\/\/www.sbfoods.com\/wp-content\/uploads\/2022\/08\/i_39-300x300.png 300w, https:\/\/www.sbfoods.com\/wp-content\/uploads\/2022\/08\/i_39-150x150.png 150w, https:\/\/www.sbfoods.com\/wp-content\/uploads\/2022\/08\/i_39-320x320.png 320w\" data-sizes=\"(max-width: 500px) 100vw, 500px\" data-aspect=\"1\" \/>\t\t\t\t\t\t\t\t\t\t\t\t\t\t\t<\/div>\n\t\t\t\t<\/div>\n\t\t\t\t\t<\/div>\n\t\t<\/div>\n\t\t\t\t<div class=\"elementor-column elementor-col-50 elementor-inner-column elementor-element elementor-element-f6541c9\" data-id=\"f6541c9\" data-element_type=\"column\" data-e-type=\"column\">\n\t\t\t<div class=\"elementor-widget-wrap elementor-element-populated\">\n\t\t\t\t\t\t<div class=\"elementor-element elementor-element-dbfcabc elementor-widget elementor-widget-image\" data-id=\"dbfcabc\" data-element_type=\"widget\" data-e-type=\"widget\" data-widget_type=\"image.default\">\n\t\t\t\t<div class=\"elementor-widget-container\">\n\t\t\t\t\t\t\t\t\t\t\t\t\t\t\t<img decoding=\"async\" width=\"500\" height=\"500\" src=\"data:image\/svg+xml,%3Csvg xmlns=&#039;http:\/\/www.w3.org\/2000\/svg&#039; viewBox=&#039;0 0 500 500&#039;%3E%3C\/svg%3E\" class=\"attachment-large size-large wp-image-11184 ld-lazyload\" alt=\"\" data-src=\"https:\/\/www.sbfoods.com\/wp-content\/uploads\/2022\/08\/i_40.png\" data-srcset=\"https:\/\/www.sbfoods.com\/wp-content\/uploads\/2022\/08\/i_40.png 500w, https:\/\/www.sbfoods.com\/wp-content\/uploads\/2022\/08\/i_40-300x300.png 300w, https:\/\/www.sbfoods.com\/wp-content\/uploads\/2022\/08\/i_40-150x150.png 150w, https:\/\/www.sbfoods.com\/wp-content\/uploads\/2022\/08\/i_40-320x320.png 320w\" data-sizes=\"(max-width: 500px) 100vw, 500px\" data-aspect=\"1\" \/>\t\t\t\t\t\t\t\t\t\t\t\t\t\t\t<\/div>\n\t\t\t\t<\/div>\n\t\t\t\t\t<\/div>\n\t\t<\/div>\n\t\t\t\t\t<\/div>\n\t\t<\/section>\n\t\t\t\t\t<\/div>\n\t\t<\/div>\n\t\t\t\t\t<\/div>\n\t\t<\/section>\n\t\t\t\t<\/div>\n\t\t","protected":false},"excerpt":{"rendered":"<p>Gla\u00e7ages La touche finale Tout est dans les d\u00e9tails lorsque des performances sup\u00e9rieures rencontrent un excellent go\u00fbt. Sans stress et faciles \u00e0 utiliser, nos gla\u00e7ages d\u00e9velopp\u00e9s sur mesure ajoutent la touche finale ultime. R\u00e9frig\u00e9r\u00e9s, de longue conservation et pr\u00eats \u00e0 l&#8217;emploi, nos gla\u00e7ages traditionnels et aromatis\u00e9s offrent une superbe stabilit\u00e9, une texture riche et cr\u00e9meuse [&hellip;]<\/p>\n","protected":false},"author":3,"featured_media":11745,"parent":0,"menu_order":0,"comment_status":"closed","ping_status":"closed","template":"","meta":{"om_disable_all_campaigns":false,"_monsterinsights_skip_tracking":false,"_monsterinsights_sitenote_active":false,"_monsterinsights_sitenote_note":"","_monsterinsights_sitenote_category":0,"footnotes":""},"class_list":["post-12106","page","type-page","status-publish","has-post-thumbnail","hentry"],"aioseo_notices":[],"_links":{"self":[{"href":"https:\/\/www.sbfoods.com\/fr\/wp-json\/wp\/v2\/pages\/12106","targetHints":{"allow":["GET"]}}],"collection":[{"href":"https:\/\/www.sbfoods.com\/fr\/wp-json\/wp\/v2\/pages"}],"about":[{"href":"https:\/\/www.sbfoods.com\/fr\/wp-json\/wp\/v2\/types\/page"}],"author":[{"embeddable":true,"href":"https:\/\/www.sbfoods.com\/fr\/wp-json\/wp\/v2\/users\/3"}],"replies":[{"embeddable":true,"href":"https:\/\/www.sbfoods.com\/fr\/wp-json\/wp\/v2\/comments?post=12106"}],"version-history":[{"count":4,"href":"https:\/\/www.sbfoods.com\/fr\/wp-json\/wp\/v2\/pages\/12106\/revisions"}],"predecessor-version":[{"id":12183,"href":"https:\/\/www.sbfoods.com\/fr\/wp-json\/wp\/v2\/pages\/12106\/revisions\/12183"}],"wp:featuredmedia":[{"embeddable":true,"href":"https:\/\/www.sbfoods.com\/fr\/wp-json\/wp\/v2\/media\/11745"}],"wp:attachment":[{"href":"https:\/\/www.sbfoods.com\/fr\/wp-json\/wp\/v2\/media?parent=12106"}],"curies":[{"name":"wp","href":"https:\/\/api.w.org\/{rel}","templated":true}]}}