{"id":12108,"date":"2022-08-04T11:29:47","date_gmt":"2022-08-04T11:29:47","guid":{"rendered":"http:\/\/yonahe10.sg-host.com\/?page_id=12108"},"modified":"2022-09-09T05:25:48","modified_gmt":"2022-09-09T05:25:48","slug":"preparations-aux-fruits-et-bases-pour-boissons","status":"publish","type":"page","link":"https:\/\/www.sbfoods.com\/fr\/preparations-aux-fruits-et-bases-pour-boissons\/","title":{"rendered":"Pr\u00e9parations aux fruits et bases pour boissons"},"content":{"rendered":"\t\t<div data-elementor-type=\"wp-page\" data-elementor-id=\"12108\" class=\"elementor elementor-12108\">\n\t\t\t\t\t\t<section class=\"elementor-section elementor-top-section elementor-element elementor-element-567351e elementor-section-height-min-height elementor-section-content-middle elementor-section-boxed elementor-section-height-default elementor-section-items-middle\" data-id=\"567351e\" data-element_type=\"section\" data-e-type=\"section\" data-settings=\"{&quot;background_background&quot;:&quot;classic&quot;}\">\n\t\t\t\t\t\t\t<div class=\"elementor-background-overlay\"><\/div>\n\t\t\t\t\t\t\t<div class=\"elementor-container elementor-column-gap-default\">\n\t\t\t\t\t<div class=\"elementor-column elementor-col-100 elementor-top-column elementor-element elementor-element-925d444\" data-id=\"925d444\" data-element_type=\"column\" data-e-type=\"column\">\n\t\t\t<div class=\"elementor-widget-wrap elementor-element-populated\">\n\t\t\t\t\t\t<div class=\"elementor-element elementor-element-f70f9c6 elementor-widget elementor-widget-heading\" data-id=\"f70f9c6\" data-element_type=\"widget\" data-e-type=\"widget\" data-widget_type=\"heading.default\">\n\t\t\t\t<div class=\"elementor-widget-container\">\n\t\t\t\t\t<h1 class=\"elementor-heading-title elementor-size-default\">Pr\u00e9parations aux fruits et bases<br> pour boissons<\/h1>\t\t\t\t<\/div>\n\t\t\t\t<\/div>\n\t\t\t\t<div class=\"elementor-element elementor-element-ddca457 elementor-widget elementor-widget-spacer\" data-id=\"ddca457\" data-element_type=\"widget\" data-e-type=\"widget\" data-widget_type=\"spacer.default\">\n\t\t\t\t<div class=\"elementor-widget-container\">\n\t\t\t\t\t\t\t<div class=\"elementor-spacer\">\n\t\t\t<div class=\"elementor-spacer-inner\"><\/div>\n\t\t<\/div>\n\t\t\t\t\t\t<\/div>\n\t\t\t\t<\/div>\n\t\t\t\t\t<\/div>\n\t\t<\/div>\n\t\t\t\t\t<\/div>\n\t\t<\/section>\n\t\t\t\t<section class=\"elementor-section elementor-top-section elementor-element elementor-element-3888c55 elementor-section-boxed elementor-section-height-default elementor-section-height-default\" data-id=\"3888c55\" data-element_type=\"section\" data-e-type=\"section\">\n\t\t\t\t\t\t<div class=\"elementor-container elementor-column-gap-default\">\n\t\t\t\t\t<div class=\"elementor-column elementor-col-33 elementor-top-column elementor-element elementor-element-b910770\" data-id=\"b910770\" data-element_type=\"column\" data-e-type=\"column\">\n\t\t\t<div class=\"elementor-widget-wrap elementor-element-populated\">\n\t\t\t\t\t\t<div class=\"elementor-element elementor-element-bc639d6 elementor-widget elementor-widget-hub_fancy_heading\" data-id=\"bc639d6\" data-element_type=\"widget\" data-e-type=\"widget\" data-widget_type=\"hub_fancy_heading.default\">\n\t\t\t\t<div class=\"elementor-widget-container\">\n\t\t\t\t\t\n\t\t<div id=\"ld-fancy-heading-69e5e2f06cddd\" class=\"ld-fancy-heading pos-rel\">\n\t\t\t<h1 class=\"ld-fh-element d-inline-block pos-rel  elementor-heading-title lqd-highlight-classic lqd-highlight-grow-left h1\"  > Classique &amp; Tendance<\/h1>\t\t<\/div>\n\n\t\t\t\t\t\t<\/div>\n\t\t\t\t<\/div>\n\t\t\t\t<div class=\"elementor-element elementor-element-a965e73 elementor-widget elementor-widget-text-editor\" data-id=\"a965e73\" data-element_type=\"widget\" data-e-type=\"widget\" data-widget_type=\"text-editor.default\">\n\t\t\t\t<div class=\"elementor-widget-container\">\n\t\t\t\t\t\t\t\t\t<p>Qu&rsquo;il s&rsquo;agisse d&rsquo;ajouter de l&rsquo;excitation \u00e0 une exp\u00e9rience de cr\u00e8me glac\u00e9e avec des vari\u00e9t\u00e9s amusantes et color\u00e9es, de plonger dans des bases de yaourt ou de m\u00e9langer une boisson, notre \u00e9quipe cr\u00e9ative de R&amp;D fait passer le d\u00e9veloppement de pr\u00e9parations de fruits \u00e0 un niveau sup\u00e9rieur. Vous n&rsquo;aurez pas \u00e0 compromettre la qualit\u00e9 ou l&rsquo;int\u00e9grit\u00e9 des fruits pour obtenir cette coh\u00e9rence \u00ab\u00a0juste ce qu&rsquo;il faut\u00a0\u00bb avec notre capacit\u00e9 \u00e0 fournir une gamme d&rsquo;options, y compris des alternatives saines.<\/p><p>Diff\u00e9rentes tailles et types d&#8217;emballages sont disponibles pour r\u00e9pondre \u00e0 vos sp\u00e9cifications, y compris les sacs en bo\u00eete et les bacs consign\u00e9s.<\/p><p>Un traitement aseptique et non aseptique est disponible<\/p><p>Nos comp\u00e9tences en mati\u00e8re de d\u00e9veloppement de produits incluent :<\/p><p>\u00c9tiquette propre<br \/>Pr\u00e9parations de fruits sans gluten \u00e0 faible teneur en sucre<br \/>Pr\u00e9parations de fruits sans OGM<br \/>Pr\u00e9parations de fruits bio<\/p>\t\t\t\t\t\t\t\t<\/div>\n\t\t\t\t<\/div>\n\t\t\t\t<div class=\"elementor-element elementor-element-1563688 elementor-widget elementor-widget-ld_button\" data-id=\"1563688\" data-element_type=\"widget\" data-e-type=\"widget\" data-widget_type=\"ld_button.default\">\n\t\t\t\t<div class=\"elementor-widget-container\">\n\t\t\t\t\t\n\t\t<a  href=\"https:\/\/sbfoods.com\/wp-content\/uploads\/2022\/08\/v1-aseptic-fruit-prep-pdf-1-compressed-1.pdf\" class=\"elementor-button btn ws-nowrap btn-solid btn-icon-left btn-has-label\" >\n\t\t\t\t\t\t\t<span class=\"btn-txt\"  data-text=\"PR\u00c9PARATION DE FRUITS\" >PR\u00c9PARATION DE FRUITS<\/span>\n\t\t\t\t\t\t\t\t\t\t\t<span class=\"btn-icon\">\n\t\t\t\t\t\t<i aria-hidden=\"true\" class=\"fas fa-file-pdf\"><\/i>\t\t\t\t\t<\/span>\n\t\t\t\t\t\t\t<\/a>\n\n\t\t\t\t\t\t<\/div>\n\t\t\t\t<\/div>\n\t\t\t\t<div class=\"elementor-element elementor-element-02a3625 elementor-widget elementor-widget-hub_fancy_heading\" data-id=\"02a3625\" data-element_type=\"widget\" data-e-type=\"widget\" data-widget_type=\"hub_fancy_heading.default\">\n\t\t\t\t<div class=\"elementor-widget-container\">\n\t\t\t\t\t\n\t\t<div id=\"ld-fancy-heading-69e5e2f0731ea\" class=\"ld-fancy-heading pos-rel\">\n\t\t\t<h1 class=\"ld-fh-element d-inline-block pos-rel  elementor-heading-title lqd-highlight-classic lqd-highlight-grow-left h1\"  > Exemples d'applications<\/h1>\t\t<\/div>\n\n\t\t\t\t\t\t<\/div>\n\t\t\t\t<\/div>\n\t\t\t\t<div class=\"elementor-element elementor-element-0473dee elementor-widget elementor-widget-text-editor\" data-id=\"0473dee\" data-element_type=\"widget\" data-e-type=\"widget\" data-widget_type=\"text-editor.default\">\n\t\t\t\t<div class=\"elementor-widget-container\">\n\t\t\t\t\t\t\t\t\tBases de yaourt : fruits au fond et brass\u00e9s\nBases de cr\u00e8me glac\u00e9e\t\t\t\t\t\t\t\t<\/div>\n\t\t\t\t<\/div>\n\t\t\t\t\t<\/div>\n\t\t<\/div>\n\t\t\t\t<div class=\"elementor-column elementor-col-66 elementor-top-column elementor-element elementor-element-c2bcdc8\" data-id=\"c2bcdc8\" data-element_type=\"column\" data-e-type=\"column\">\n\t\t\t<div class=\"elementor-widget-wrap elementor-element-populated\">\n\t\t\t\t\t\t<div class=\"elementor-element elementor-element-176ea64 elementor-widget elementor-widget-image\" data-id=\"176ea64\" data-element_type=\"widget\" data-e-type=\"widget\" data-widget_type=\"image.default\">\n\t\t\t\t<div class=\"elementor-widget-container\">\n\t\t\t\t\t\t\t\t\t\t\t\t\t\t\t<img fetchpriority=\"high\" decoding=\"async\" width=\"780\" height=\"373\" src=\"https:\/\/www.sbfoods.com\/wp-content\/uploads\/2022\/08\/Ice-Cream-Variegate-Strawberry-Ripple_Resized.jpg\" class=\"attachment-large size-large wp-image-11202\" alt=\"\" srcset=\"https:\/\/www.sbfoods.com\/wp-content\/uploads\/2022\/08\/Ice-Cream-Variegate-Strawberry-Ripple_Resized.jpg 859w, https:\/\/www.sbfoods.com\/wp-content\/uploads\/2022\/08\/Ice-Cream-Variegate-Strawberry-Ripple_Resized-300x144.jpg 300w\" sizes=\"(max-width: 780px) 100vw, 780px\" \/>\t\t\t\t\t\t\t\t\t\t\t\t\t\t\t<\/div>\n\t\t\t\t<\/div>\n\t\t\t\t<section class=\"elementor-section elementor-inner-section elementor-element elementor-element-f12b1f9 elementor-section-boxed elementor-section-height-default elementor-section-height-default\" data-id=\"f12b1f9\" data-element_type=\"section\" data-e-type=\"section\">\n\t\t\t\t\t\t<div class=\"elementor-container elementor-column-gap-no\">\n\t\t\t\t\t<div class=\"elementor-column elementor-col-50 elementor-inner-column elementor-element elementor-element-4ea7672\" data-id=\"4ea7672\" data-element_type=\"column\" data-e-type=\"column\">\n\t\t\t<div class=\"elementor-widget-wrap elementor-element-populated\">\n\t\t\t\t\t\t<div class=\"elementor-element elementor-element-e99e6c3 elementor-widget elementor-widget-image\" data-id=\"e99e6c3\" data-element_type=\"widget\" data-e-type=\"widget\" data-widget_type=\"image.default\">\n\t\t\t\t<div class=\"elementor-widget-container\">\n\t\t\t\t\t\t\t\t\t\t\t\t\t\t\t<img decoding=\"async\" width=\"780\" height=\"776\" src=\"data:image\/svg+xml,%3Csvg xmlns=&#039;http:\/\/www.w3.org\/2000\/svg&#039; viewBox=&#039;0 0 859 855&#039;%3E%3C\/svg%3E\" class=\"attachment-large size-large wp-image-11203 ld-lazyload\" alt=\"\" data-src=\"https:\/\/www.sbfoods.com\/wp-content\/uploads\/2022\/08\/I_51-859x855-1.jpg\" data-srcset=\"https:\/\/www.sbfoods.com\/wp-content\/uploads\/2022\/08\/I_51-859x855-1.jpg 859w, https:\/\/www.sbfoods.com\/wp-content\/uploads\/2022\/08\/I_51-859x855-1-150x150.jpg 150w\" data-sizes=\"(max-width: 780px) 100vw, 780px\" data-aspect=\"1.0046783625731\" \/>\t\t\t\t\t\t\t\t\t\t\t\t\t\t\t<\/div>\n\t\t\t\t<\/div>\n\t\t\t\t\t<\/div>\n\t\t<\/div>\n\t\t\t\t<div class=\"elementor-column elementor-col-50 elementor-inner-column elementor-element elementor-element-f6541c9\" data-id=\"f6541c9\" data-element_type=\"column\" data-e-type=\"column\">\n\t\t\t<div class=\"elementor-widget-wrap elementor-element-populated\">\n\t\t\t\t\t\t<div class=\"elementor-element elementor-element-dbfcabc elementor-widget elementor-widget-image\" data-id=\"dbfcabc\" data-element_type=\"widget\" data-e-type=\"widget\" data-widget_type=\"image.default\">\n\t\t\t\t<div class=\"elementor-widget-container\">\n\t\t\t\t\t\t\t\t\t\t\t\t\t\t\t<img decoding=\"async\" width=\"780\" height=\"776\" src=\"data:image\/svg+xml,%3Csvg xmlns=&#039;http:\/\/www.w3.org\/2000\/svg&#039; viewBox=&#039;0 0 859 855&#039;%3E%3C\/svg%3E\" class=\"attachment-large size-large wp-image-11204 ld-lazyload\" alt=\"\" data-src=\"https:\/\/www.sbfoods.com\/wp-content\/uploads\/2022\/08\/Fruit-Prep-in-Yogurt-Resized.jpg\" data-srcset=\"https:\/\/www.sbfoods.com\/wp-content\/uploads\/2022\/08\/Fruit-Prep-in-Yogurt-Resized.jpg 859w, https:\/\/www.sbfoods.com\/wp-content\/uploads\/2022\/08\/Fruit-Prep-in-Yogurt-Resized-150x150.jpg 150w\" data-sizes=\"(max-width: 780px) 100vw, 780px\" data-aspect=\"1.0046783625731\" \/>\t\t\t\t\t\t\t\t\t\t\t\t\t\t\t<\/div>\n\t\t\t\t<\/div>\n\t\t\t\t\t<\/div>\n\t\t<\/div>\n\t\t\t\t\t<\/div>\n\t\t<\/section>\n\t\t\t\t\t<\/div>\n\t\t<\/div>\n\t\t\t\t\t<\/div>\n\t\t<\/section>\n\t\t\t\t<\/div>\n\t\t","protected":false},"excerpt":{"rendered":"<p>Pr\u00e9parations aux fruits et bases pour boissons Classique &amp; Tendance Qu&rsquo;il s&rsquo;agisse d&rsquo;ajouter de l&rsquo;excitation \u00e0 une exp\u00e9rience de cr\u00e8me glac\u00e9e avec des vari\u00e9t\u00e9s amusantes et color\u00e9es, de plonger dans des bases de yaourt ou de m\u00e9langer une boisson, notre \u00e9quipe cr\u00e9ative de R&amp;D fait passer le d\u00e9veloppement de pr\u00e9parations de fruits \u00e0 un niveau [&hellip;]<\/p>\n","protected":false},"author":3,"featured_media":11753,"parent":0,"menu_order":0,"comment_status":"closed","ping_status":"closed","template":"","meta":{"om_disable_all_campaigns":false,"_monsterinsights_skip_tracking":false,"_monsterinsights_sitenote_active":false,"_monsterinsights_sitenote_note":"","_monsterinsights_sitenote_category":0,"footnotes":""},"class_list":["post-12108","page","type-page","status-publish","has-post-thumbnail","hentry"],"aioseo_notices":[],"_links":{"self":[{"href":"https:\/\/www.sbfoods.com\/fr\/wp-json\/wp\/v2\/pages\/12108","targetHints":{"allow":["GET"]}}],"collection":[{"href":"https:\/\/www.sbfoods.com\/fr\/wp-json\/wp\/v2\/pages"}],"about":[{"href":"https:\/\/www.sbfoods.com\/fr\/wp-json\/wp\/v2\/types\/page"}],"author":[{"embeddable":true,"href":"https:\/\/www.sbfoods.com\/fr\/wp-json\/wp\/v2\/users\/3"}],"replies":[{"embeddable":true,"href":"https:\/\/www.sbfoods.com\/fr\/wp-json\/wp\/v2\/comments?post=12108"}],"version-history":[{"count":4,"href":"https:\/\/www.sbfoods.com\/fr\/wp-json\/wp\/v2\/pages\/12108\/revisions"}],"predecessor-version":[{"id":12192,"href":"https:\/\/www.sbfoods.com\/fr\/wp-json\/wp\/v2\/pages\/12108\/revisions\/12192"}],"wp:featuredmedia":[{"embeddable":true,"href":"https:\/\/www.sbfoods.com\/fr\/wp-json\/wp\/v2\/media\/11753"}],"wp:attachment":[{"href":"https:\/\/www.sbfoods.com\/fr\/wp-json\/wp\/v2\/media?parent=12108"}],"curies":[{"name":"wp","href":"https:\/\/api.w.org\/{rel}","templated":true}]}}