{"id":12114,"date":"2022-08-04T06:25:43","date_gmt":"2022-08-04T06:25:43","guid":{"rendered":"http:\/\/yonahe10.sg-host.com\/?page_id=12114"},"modified":"2022-09-09T05:22:14","modified_gmt":"2022-09-09T05:22:14","slug":"innovation-a-la-pointe-du-secteur","status":"publish","type":"page","link":"https:\/\/www.sbfoods.com\/fr\/innovation-a-la-pointe-du-secteur\/","title":{"rendered":"Innovation \u00e0 la pointe du secteur"},"content":{"rendered":"\t\t<div data-elementor-type=\"wp-page\" data-elementor-id=\"12114\" class=\"elementor elementor-12114\">\n\t\t\t\t\t\t<section class=\"elementor-section elementor-top-section elementor-element elementor-element-d1a7b0c elementor-section-height-min-height elementor-section-content-middle elementor-section-boxed elementor-section-height-default elementor-section-items-middle\" data-id=\"d1a7b0c\" data-element_type=\"section\" data-e-type=\"section\" data-settings=\"{&quot;background_background&quot;:&quot;classic&quot;}\">\n\t\t\t\t\t\t\t<div class=\"elementor-background-overlay\"><\/div>\n\t\t\t\t\t\t\t<div class=\"elementor-container elementor-column-gap-default\">\n\t\t\t\t\t<div class=\"elementor-column elementor-col-100 elementor-top-column elementor-element elementor-element-67176dd\" data-id=\"67176dd\" data-element_type=\"column\" data-e-type=\"column\">\n\t\t\t<div class=\"elementor-widget-wrap elementor-element-populated\">\n\t\t\t\t\t\t<div class=\"elementor-element elementor-element-5304d1c elementor-widget elementor-widget-heading\" data-id=\"5304d1c\" data-element_type=\"widget\" data-e-type=\"widget\" data-widget_type=\"heading.default\">\n\t\t\t\t<div class=\"elementor-widget-container\">\n\t\t\t\t\t<h1 class=\"elementor-heading-title elementor-size-default\">Innovation \u00e0 la pointe <br>du secteur<\/h1>\t\t\t\t<\/div>\n\t\t\t\t<\/div>\n\t\t\t\t<div class=\"elementor-element elementor-element-a236f32 elementor-widget elementor-widget-spacer\" data-id=\"a236f32\" data-element_type=\"widget\" data-e-type=\"widget\" data-widget_type=\"spacer.default\">\n\t\t\t\t<div class=\"elementor-widget-container\">\n\t\t\t\t\t\t\t<div class=\"elementor-spacer\">\n\t\t\t<div class=\"elementor-spacer-inner\"><\/div>\n\t\t<\/div>\n\t\t\t\t\t\t<\/div>\n\t\t\t\t<\/div>\n\t\t\t\t\t<\/div>\n\t\t<\/div>\n\t\t\t\t\t<\/div>\n\t\t<\/section>\n\t\t\t\t<section class=\"elementor-section elementor-top-section elementor-element elementor-element-e57710c elementor-section-boxed elementor-section-height-default elementor-section-height-default\" data-id=\"e57710c\" data-element_type=\"section\" data-e-type=\"section\">\n\t\t\t\t\t\t<div class=\"elementor-container elementor-column-gap-default\">\n\t\t\t\t\t<div class=\"elementor-column elementor-col-100 elementor-top-column elementor-element elementor-element-fc4a938\" data-id=\"fc4a938\" data-element_type=\"column\" data-e-type=\"column\">\n\t\t\t<div class=\"elementor-widget-wrap elementor-element-populated\">\n\t\t\t\t\t\t<div class=\"elementor-element elementor-element-ebb48b6 elementor-widget elementor-widget-hub_fancy_heading\" data-id=\"ebb48b6\" data-element_type=\"widget\" data-e-type=\"widget\" data-widget_type=\"hub_fancy_heading.default\">\n\t\t\t\t<div class=\"elementor-widget-container\">\n\t\t\t\t\t\n\t\t<div id=\"ld-fancy-heading-69f2213e4c54d\" class=\"ld-fancy-heading pos-rel\">\n\t\t\t<h2 class=\"ld-fh-element d-inline-block pos-rel  elementor-heading-title lqd-highlight-classic lqd-highlight-grow-left h2\"  > Chef de file innovant<\/h2>\t\t<\/div>\n\n\t\t\t\t\t\t<\/div>\n\t\t\t\t<\/div>\n\t\t\t\t<div class=\"elementor-element elementor-element-886a86a elementor-widget elementor-widget-text-editor\" data-id=\"886a86a\" data-element_type=\"widget\" data-e-type=\"widget\" data-widget_type=\"text-editor.default\">\n\t\t\t\t<div class=\"elementor-widget-container\">\n\t\t\t\t\t\t\t\t\tNous sommes anim\u00e9s par la volont\u00e9 de guider l\u2019industrie alimentaire dans la cr\u00e9ation de produits alimentaires nutritifs et durables.\t\t\t\t\t\t\t\t<\/div>\n\t\t\t\t<\/div>\n\t\t\t\t<section class=\"elementor-section elementor-inner-section elementor-element elementor-element-3da6264 elementor-section-boxed elementor-section-height-default elementor-section-height-default\" data-id=\"3da6264\" data-element_type=\"section\" data-e-type=\"section\">\n\t\t\t\t\t\t<div class=\"elementor-container elementor-column-gap-wide\">\n\t\t\t\t\t<div class=\"elementor-column elementor-col-33 elementor-inner-column elementor-element elementor-element-51ccd12\" data-id=\"51ccd12\" data-element_type=\"column\" data-e-type=\"column\">\n\t\t\t<div class=\"elementor-widget-wrap elementor-element-populated\">\n\t\t\t\t\t\t<div class=\"elementor-element elementor-element-09a224c elementor-widget elementor-widget-image\" data-id=\"09a224c\" data-element_type=\"widget\" data-e-type=\"widget\" data-widget_type=\"image.default\">\n\t\t\t\t<div class=\"elementor-widget-container\">\n\t\t\t\t\t\t\t\t\t\t\t\t\t\t\t<img fetchpriority=\"high\" decoding=\"async\" width=\"500\" height=\"500\" src=\"https:\/\/www.sbfoods.com\/wp-content\/uploads\/2022\/08\/I_107-500x500-1.jpg\" class=\"attachment-large size-large wp-image-10938\" alt=\"\" srcset=\"https:\/\/www.sbfoods.com\/wp-content\/uploads\/2022\/08\/I_107-500x500-1.jpg 500w, https:\/\/www.sbfoods.com\/wp-content\/uploads\/2022\/08\/I_107-500x500-1-300x300.jpg 300w, https:\/\/www.sbfoods.com\/wp-content\/uploads\/2022\/08\/I_107-500x500-1-150x150.jpg 150w, https:\/\/www.sbfoods.com\/wp-content\/uploads\/2022\/08\/I_107-500x500-1-320x320.jpg 320w\" sizes=\"(max-width: 500px) 100vw, 500px\" \/>\t\t\t\t\t\t\t\t\t\t\t\t\t\t\t<\/div>\n\t\t\t\t<\/div>\n\t\t\t\t<div class=\"elementor-element elementor-element-3252006 elementor-widget elementor-widget-hub_fancy_heading\" data-id=\"3252006\" data-element_type=\"widget\" data-e-type=\"widget\" data-widget_type=\"hub_fancy_heading.default\">\n\t\t\t\t<div class=\"elementor-widget-container\">\n\t\t\t\t\t\n\t\t<div id=\"ld-fancy-heading-69f2213e4dd64\" class=\"ld-fancy-heading pos-rel\">\n\t\t\t<h2 class=\"ld-fh-element d-inline-block pos-rel  elementor-heading-title lqd-highlight-classic lqd-highlight-grow-left h2\"  > Des aliments nutritifs pour une bonne sant\u00e9<\/h2>\t\t<\/div>\n\n\t\t\t\t\t\t<\/div>\n\t\t\t\t<\/div>\n\t\t\t\t<div class=\"elementor-element elementor-element-37b7695 elementor-widget elementor-widget-text-editor\" data-id=\"37b7695\" data-element_type=\"widget\" data-e-type=\"widget\" data-widget_type=\"text-editor.default\">\n\t\t\t\t<div class=\"elementor-widget-container\">\n\t\t\t\t\t\t\t\t\t<p>Les aliments sains devraient \u00eatre \u00e0 port\u00e9e de toutes les bourses. Nous sommes fiers d\u2019offrir \u00e0 vos clients des produits savoureux utilisant des ingr\u00e9dients fonctionnels, nutritifs et durables.<\/p>\t\t\t\t\t\t\t\t<\/div>\n\t\t\t\t<\/div>\n\t\t\t\t\t<\/div>\n\t\t<\/div>\n\t\t\t\t<div class=\"elementor-column elementor-col-33 elementor-inner-column elementor-element elementor-element-76e2522\" data-id=\"76e2522\" data-element_type=\"column\" data-e-type=\"column\">\n\t\t\t<div class=\"elementor-widget-wrap elementor-element-populated\">\n\t\t\t\t\t\t<div class=\"elementor-element elementor-element-046160e elementor-widget elementor-widget-image\" data-id=\"046160e\" data-element_type=\"widget\" data-e-type=\"widget\" data-widget_type=\"image.default\">\n\t\t\t\t<div class=\"elementor-widget-container\">\n\t\t\t\t\t\t\t\t\t\t\t\t\t\t\t<img decoding=\"async\" width=\"500\" height=\"500\" src=\"data:image\/svg+xml,%3Csvg xmlns=&#039;http:\/\/www.w3.org\/2000\/svg&#039; viewBox=&#039;0 0 500 500&#039;%3E%3C\/svg%3E\" class=\"attachment-large size-large wp-image-10939 ld-lazyload\" alt=\"\" data-src=\"https:\/\/www.sbfoods.com\/wp-content\/uploads\/2022\/08\/Sustainable-Future-500x500-1.jpg\" data-srcset=\"https:\/\/www.sbfoods.com\/wp-content\/uploads\/2022\/08\/Sustainable-Future-500x500-1.jpg 500w, https:\/\/www.sbfoods.com\/wp-content\/uploads\/2022\/08\/Sustainable-Future-500x500-1-300x300.jpg 300w, https:\/\/www.sbfoods.com\/wp-content\/uploads\/2022\/08\/Sustainable-Future-500x500-1-150x150.jpg 150w, https:\/\/www.sbfoods.com\/wp-content\/uploads\/2022\/08\/Sustainable-Future-500x500-1-320x320.jpg 320w\" data-sizes=\"(max-width: 500px) 100vw, 500px\" data-aspect=\"1\" \/>\t\t\t\t\t\t\t\t\t\t\t\t\t\t\t<\/div>\n\t\t\t\t<\/div>\n\t\t\t\t<div class=\"elementor-element elementor-element-4f87047 elementor-widget elementor-widget-hub_fancy_heading\" data-id=\"4f87047\" data-element_type=\"widget\" data-e-type=\"widget\" data-widget_type=\"hub_fancy_heading.default\">\n\t\t\t\t<div class=\"elementor-widget-container\">\n\t\t\t\t\t\n\t\t<div id=\"ld-fancy-heading-69f2213e4ef8f\" class=\"ld-fancy-heading pos-rel\">\n\t\t\t<h2 class=\"ld-fh-element d-inline-block pos-rel  elementor-heading-title lqd-highlight-classic lqd-highlight-grow-left h2\"  > Des solutions pour un avenir durable<\/h2>\t\t<\/div>\n\n\t\t\t\t\t\t<\/div>\n\t\t\t\t<\/div>\n\t\t\t\t<div class=\"elementor-element elementor-element-5d98782 elementor-widget elementor-widget-text-editor\" data-id=\"5d98782\" data-element_type=\"widget\" data-e-type=\"widget\" data-widget_type=\"text-editor.default\">\n\t\t\t\t<div class=\"elementor-widget-container\">\n\t\t\t\t\t\t\t\t\t<p>Il est de la responsabilit\u00e9 de chacun de faire de son mieux pour la plan\u00e8te. Nous nous effor\u00e7ons d\u2019acc\u00e9l\u00e9rer l\u2019adoption d\u2019emballages et de produits alimentaires durables pour le bien de notre plan\u00e8te. En outre, nous cherchons \u00e0 utiliser des cha\u00eenes d\u2019approvisionnement locales afin de r\u00e9duire les d\u00e9chets et notre empreinte carbone.<\/p>\t\t\t\t\t\t\t\t<\/div>\n\t\t\t\t<\/div>\n\t\t\t\t\t<\/div>\n\t\t<\/div>\n\t\t\t\t<div class=\"elementor-column elementor-col-33 elementor-inner-column elementor-element elementor-element-624d353\" data-id=\"624d353\" data-element_type=\"column\" data-e-type=\"column\">\n\t\t\t<div class=\"elementor-widget-wrap elementor-element-populated\">\n\t\t\t\t\t\t<div class=\"elementor-element elementor-element-5f9e4d3 elementor-widget elementor-widget-image\" data-id=\"5f9e4d3\" data-element_type=\"widget\" data-e-type=\"widget\" data-widget_type=\"image.default\">\n\t\t\t\t<div class=\"elementor-widget-container\">\n\t\t\t\t\t\t\t\t\t\t\t\t\t\t\t<img decoding=\"async\" width=\"500\" height=\"500\" src=\"data:image\/svg+xml,%3Csvg xmlns=&#039;http:\/\/www.w3.org\/2000\/svg&#039; viewBox=&#039;0 0 500 500&#039;%3E%3C\/svg%3E\" class=\"attachment-large size-large wp-image-10940 ld-lazyload\" alt=\"\" data-src=\"https:\/\/www.sbfoods.com\/wp-content\/uploads\/2022\/08\/Collaboration-scaled-500x500-1.jpg\" data-srcset=\"https:\/\/www.sbfoods.com\/wp-content\/uploads\/2022\/08\/Collaboration-scaled-500x500-1.jpg 500w, https:\/\/www.sbfoods.com\/wp-content\/uploads\/2022\/08\/Collaboration-scaled-500x500-1-300x300.jpg 300w, https:\/\/www.sbfoods.com\/wp-content\/uploads\/2022\/08\/Collaboration-scaled-500x500-1-150x150.jpg 150w, https:\/\/www.sbfoods.com\/wp-content\/uploads\/2022\/08\/Collaboration-scaled-500x500-1-320x320.jpg 320w\" data-sizes=\"(max-width: 500px) 100vw, 500px\" data-aspect=\"1\" \/>\t\t\t\t\t\t\t\t\t\t\t\t\t\t\t<\/div>\n\t\t\t\t<\/div>\n\t\t\t\t<div class=\"elementor-element elementor-element-bf1b7b0 elementor-widget elementor-widget-hub_fancy_heading\" data-id=\"bf1b7b0\" data-element_type=\"widget\" data-e-type=\"widget\" data-widget_type=\"hub_fancy_heading.default\">\n\t\t\t\t<div class=\"elementor-widget-container\">\n\t\t\t\t\t\n\t\t<div id=\"ld-fancy-heading-69f2213e501ed\" class=\"ld-fancy-heading pos-rel\">\n\t\t\t<h2 class=\"ld-fh-element d-inline-block pos-rel  elementor-heading-title lqd-highlight-classic lqd-highlight-grow-left h2\"  > Collaboration et avantages communs<\/h2>\t\t<\/div>\n\n\t\t\t\t\t\t<\/div>\n\t\t\t\t<\/div>\n\t\t\t\t<div class=\"elementor-element elementor-element-c3ebe64 elementor-widget elementor-widget-text-editor\" data-id=\"c3ebe64\" data-element_type=\"widget\" data-e-type=\"widget\" data-widget_type=\"text-editor.default\">\n\t\t\t\t<div class=\"elementor-widget-container\">\n\t\t\t\t\t\t\t\t\t<p>En tant que partenaire privil\u00e9gi\u00e9 de nos clients et fournisseurs, nous tirons parti de notre position de chef de file pour stimuler la coop\u00e9ration industrielle et la cr\u00e9ation de cha\u00eenes de valeur. Nous pensons que la r\u00e9ussite se partage et nous accueillons favorablement les occasions de travailler ensemble pour concevoir et d\u00e9velopper des solutions innovantes et durables.<\/p>\t\t\t\t\t\t\t\t<\/div>\n\t\t\t\t<\/div>\n\t\t\t\t\t<\/div>\n\t\t<\/div>\n\t\t\t\t\t<\/div>\n\t\t<\/section>\n\t\t\t\t\t<\/div>\n\t\t<\/div>\n\t\t\t\t\t<\/div>\n\t\t<\/section>\n\t\t\t\t<\/div>\n\t\t","protected":false},"excerpt":{"rendered":"<p>Innovation \u00e0 la pointe du secteur Chef de file innovant Nous sommes anim\u00e9s par la volont\u00e9 de guider l\u2019industrie alimentaire dans la cr\u00e9ation de produits alimentaires nutritifs et durables. Des aliments nutritifs pour une bonne sant\u00e9 Les aliments sains devraient \u00eatre \u00e0 port\u00e9e de toutes les bourses. Nous sommes fiers d\u2019offrir \u00e0 vos clients des [&hellip;]<\/p>\n","protected":false},"author":3,"featured_media":11639,"parent":0,"menu_order":0,"comment_status":"closed","ping_status":"closed","template":"","meta":{"om_disable_all_campaigns":false,"_monsterinsights_skip_tracking":false,"_monsterinsights_sitenote_active":false,"_monsterinsights_sitenote_note":"","_monsterinsights_sitenote_category":0,"footnotes":""},"class_list":["post-12114","page","type-page","status-publish","has-post-thumbnail","hentry"],"aioseo_notices":[],"_links":{"self":[{"href":"https:\/\/www.sbfoods.com\/fr\/wp-json\/wp\/v2\/pages\/12114","targetHints":{"allow":["GET"]}}],"collection":[{"href":"https:\/\/www.sbfoods.com\/fr\/wp-json\/wp\/v2\/pages"}],"about":[{"href":"https:\/\/www.sbfoods.com\/fr\/wp-json\/wp\/v2\/types\/page"}],"author":[{"embeddable":true,"href":"https:\/\/www.sbfoods.com\/fr\/wp-json\/wp\/v2\/users\/3"}],"replies":[{"embeddable":true,"href":"https:\/\/www.sbfoods.com\/fr\/wp-json\/wp\/v2\/comments?post=12114"}],"version-history":[{"count":4,"href":"https:\/\/www.sbfoods.com\/fr\/wp-json\/wp\/v2\/pages\/12114\/revisions"}],"predecessor-version":[{"id":12186,"href":"https:\/\/www.sbfoods.com\/fr\/wp-json\/wp\/v2\/pages\/12114\/revisions\/12186"}],"wp:featuredmedia":[{"embeddable":true,"href":"https:\/\/www.sbfoods.com\/fr\/wp-json\/wp\/v2\/media\/11639"}],"wp:attachment":[{"href":"https:\/\/www.sbfoods.com\/fr\/wp-json\/wp\/v2\/media?parent=12114"}],"curies":[{"name":"wp","href":"https:\/\/api.w.org\/{rel}","templated":true}]}}