{"id":12116,"date":"2022-08-04T06:44:38","date_gmt":"2022-08-04T06:44:38","guid":{"rendered":"http:\/\/yonahe10.sg-host.com\/?page_id=12116"},"modified":"2024-08-16T00:57:42","modified_gmt":"2024-08-16T00:57:42","slug":"travaillez-avec-nous","status":"publish","type":"page","link":"https:\/\/www.sbfoods.com\/fr\/travaillez-avec-nous\/","title":{"rendered":"Travaillez avec nous"},"content":{"rendered":"\t\t<div data-elementor-type=\"wp-page\" data-elementor-id=\"12116\" class=\"elementor elementor-12116\">\n\t\t\t\t\t\t<section class=\"elementor-section elementor-top-section elementor-element elementor-element-d1a7b0c elementor-section-height-min-height elementor-section-content-middle elementor-section-boxed elementor-section-height-default elementor-section-items-middle\" data-id=\"d1a7b0c\" data-element_type=\"section\" data-e-type=\"section\" data-settings=\"{&quot;background_background&quot;:&quot;classic&quot;}\">\n\t\t\t\t\t\t\t<div class=\"elementor-background-overlay\"><\/div>\n\t\t\t\t\t\t\t<div class=\"elementor-container elementor-column-gap-default\">\n\t\t\t\t\t<div class=\"elementor-column elementor-col-100 elementor-top-column elementor-element elementor-element-67176dd\" data-id=\"67176dd\" data-element_type=\"column\" data-e-type=\"column\">\n\t\t\t<div class=\"elementor-widget-wrap elementor-element-populated\">\n\t\t\t\t\t\t<div class=\"elementor-element elementor-element-5304d1c elementor-widget elementor-widget-heading\" data-id=\"5304d1c\" data-element_type=\"widget\" data-e-type=\"widget\" data-widget_type=\"heading.default\">\n\t\t\t\t<div class=\"elementor-widget-container\">\n\t\t\t\t\t<h1 class=\"elementor-heading-title elementor-size-default\">Travaillez avec nous<\/h1>\t\t\t\t<\/div>\n\t\t\t\t<\/div>\n\t\t\t\t<div class=\"elementor-element elementor-element-a236f32 elementor-widget elementor-widget-spacer\" data-id=\"a236f32\" data-element_type=\"widget\" data-e-type=\"widget\" data-widget_type=\"spacer.default\">\n\t\t\t\t<div class=\"elementor-widget-container\">\n\t\t\t\t\t\t\t<div class=\"elementor-spacer\">\n\t\t\t<div class=\"elementor-spacer-inner\"><\/div>\n\t\t<\/div>\n\t\t\t\t\t\t<\/div>\n\t\t\t\t<\/div>\n\t\t\t\t\t<\/div>\n\t\t<\/div>\n\t\t\t\t\t<\/div>\n\t\t<\/section>\n\t\t\t\t<section class=\"elementor-section elementor-top-section elementor-element elementor-element-e57710c elementor-section-boxed elementor-section-height-default elementor-section-height-default\" data-id=\"e57710c\" data-element_type=\"section\" data-e-type=\"section\">\n\t\t\t\t\t\t<div class=\"elementor-container elementor-column-gap-default\">\n\t\t\t\t\t<div class=\"elementor-column elementor-col-100 elementor-top-column elementor-element elementor-element-fc4a938\" data-id=\"fc4a938\" data-element_type=\"column\" data-e-type=\"column\">\n\t\t\t<div class=\"elementor-widget-wrap elementor-element-populated\">\n\t\t\t\t\t\t<div class=\"elementor-element elementor-element-ebb48b6 elementor-widget elementor-widget-hub_fancy_heading\" data-id=\"ebb48b6\" data-element_type=\"widget\" data-e-type=\"widget\" data-widget_type=\"hub_fancy_heading.default\">\n\t\t\t\t<div class=\"elementor-widget-container\">\n\t\t\t\t\t\n\t\t<div id=\"ld-fancy-heading-69f23219c8a7f\" class=\"ld-fancy-heading pos-rel\">\n\t\t\t<h2 class=\"ld-fh-element d-inline-block pos-rel  elementor-heading-title lqd-highlight-classic lqd-highlight-grow-left h2\"  > Faites partie de l\u2019avenir de l\u2019industrie alimentaire.<br>\nD\u00e9couvrez nos postes \u00e0 pourvoir.<\/h2>\t\t<\/div>\n\n\t\t\t\t\t\t<\/div>\n\t\t\t\t<\/div>\n\t\t\t\t<div class=\"elementor-element elementor-element-886a86a elementor-widget elementor-widget-text-editor\" data-id=\"886a86a\" data-element_type=\"widget\" data-e-type=\"widget\" data-widget_type=\"text-editor.default\">\n\t\t\t\t<div class=\"elementor-widget-container\">\n\t\t\t\t\t\t\t\t\t<p>Nous sommes un leader en pleine croissance dans l\u2019industrie alimentaire nord-am\u00e9ricaine, sp\u00e9cialis\u00e9 dans la fabrication en sous-traitance et les solutions alimentaires cr\u00e9\u00e9es sur mesure pour les plus grandes marques de consommation, les marques priv\u00e9es et les entreprises de services alimentaires du monde. Nous soutenons de nombreuses marques que les consommateurs recherchent chaque jour. Nous sommes une entreprise qui \u00e9volue rapidement, avec des clients internationaux, et qui s\u2019attache sans rel\u00e2che \u00e0 servir ses clients, ses employ\u00e9s et les collectivit\u00e9s dans lesquelles nous vivons et travaillons. Nous avons besoin de personnes intelligentes et polyvalentes qui peuvent partager leurs comp\u00e9tences et leur \u00e9nergie avec notre \u00e9quipe afin de participer \u00e0 notre r\u00e9ussite.<\/p>\t\t\t\t\t\t\t\t<\/div>\n\t\t\t\t<\/div>\n\t\t\t\t<div class=\"elementor-element elementor-element-9f7e8bc elementor-widget elementor-widget-hub_fancy_heading\" data-id=\"9f7e8bc\" data-element_type=\"widget\" data-e-type=\"widget\" data-widget_type=\"hub_fancy_heading.default\">\n\t\t\t\t<div class=\"elementor-widget-container\">\n\t\t\t\t\t\n\t\t<div id=\"ld-fancy-heading-69f23219ca192\" class=\"ld-fancy-heading pos-rel\">\n\t\t\t<h2 class=\"ld-fh-element d-inline-block pos-rel  elementor-heading-title lqd-highlight-classic lqd-highlight-grow-left h2\"  > View Our Current Positions<\/h2>\t\t<\/div>\n\n\t\t\t\t\t\t<\/div>\n\t\t\t\t<\/div>\n\t\t\t\t<div class=\"elementor-element elementor-element-52800df elementor-widget elementor-widget-html\" data-id=\"52800df\" data-element_type=\"widget\" data-e-type=\"widget\" data-widget_type=\"html.default\">\n\t\t\t\t<div class=\"elementor-widget-container\">\n\t\t\t\t\t<iframe name=\"resumator-job-frame\" id=\"resumator-job-frame\" class=\"resumator-advanced-widget\" src=\"\/\/skjodtbarrettfoods.applytojob.com\/apply\/jobs\/\" width=\"100%\" scrolling=\"no\" frameborder=\"0\" allowTransparency=\"true\"><\/iframe><script>function resizeResumatorIframe(height,nojump){if(nojump== 0){window.scrollTo(0,0);}document.getElementById(\"resumator-job-frame\").height = parseInt(height)+20;}<\/script><a href=\"\/\/skjodtbarrettfoods.applytojob.com\/apply\/jobs\/\">View all jobs<\/a>\t\t\t\t<\/div>\n\t\t\t\t<\/div>\n\t\t\t\t\t<\/div>\n\t\t<\/div>\n\t\t\t\t\t<\/div>\n\t\t<\/section>\n\t\t\t\t<\/div>\n\t\t","protected":false},"excerpt":{"rendered":"<p>Travaillez avec nous Faites partie de l\u2019avenir de l\u2019industrie alimentaire. D\u00e9couvrez nos postes \u00e0 pourvoir. Nous sommes un leader en pleine croissance dans l\u2019industrie alimentaire nord-am\u00e9ricaine, sp\u00e9cialis\u00e9 dans la fabrication en sous-traitance et les solutions alimentaires cr\u00e9\u00e9es sur mesure pour les plus grandes marques de consommation, les marques priv\u00e9es et les entreprises de services alimentaires [&hellip;]<\/p>\n","protected":false},"author":3,"featured_media":11647,"parent":0,"menu_order":0,"comment_status":"closed","ping_status":"closed","template":"","meta":{"om_disable_all_campaigns":false,"_monsterinsights_skip_tracking":false,"_monsterinsights_sitenote_active":false,"_monsterinsights_sitenote_note":"","_monsterinsights_sitenote_category":0,"footnotes":""},"class_list":["post-12116","page","type-page","status-publish","has-post-thumbnail","hentry"],"aioseo_notices":[],"_links":{"self":[{"href":"https:\/\/www.sbfoods.com\/fr\/wp-json\/wp\/v2\/pages\/12116","targetHints":{"allow":["GET"]}}],"collection":[{"href":"https:\/\/www.sbfoods.com\/fr\/wp-json\/wp\/v2\/pages"}],"about":[{"href":"https:\/\/www.sbfoods.com\/fr\/wp-json\/wp\/v2\/types\/page"}],"author":[{"embeddable":true,"href":"https:\/\/www.sbfoods.com\/fr\/wp-json\/wp\/v2\/users\/3"}],"replies":[{"embeddable":true,"href":"https:\/\/www.sbfoods.com\/fr\/wp-json\/wp\/v2\/comments?post=12116"}],"version-history":[{"count":14,"href":"https:\/\/www.sbfoods.com\/fr\/wp-json\/wp\/v2\/pages\/12116\/revisions"}],"predecessor-version":[{"id":24665,"href":"https:\/\/www.sbfoods.com\/fr\/wp-json\/wp\/v2\/pages\/12116\/revisions\/24665"}],"wp:featuredmedia":[{"embeddable":true,"href":"https:\/\/www.sbfoods.com\/fr\/wp-json\/wp\/v2\/media\/11647"}],"wp:attachment":[{"href":"https:\/\/www.sbfoods.com\/fr\/wp-json\/wp\/v2\/media?parent=12116"}],"curies":[{"name":"wp","href":"https:\/\/api.w.org\/{rel}","templated":true}]}}